{"id":2010,"date":"2023-03-20T16:16:43","date_gmt":"2023-03-20T16:16:43","guid":{"rendered":"https:\/\/bellacloths.com\/?product=strapsstrumpfe-calze-mary-weis-3"},"modified":"2023-03-20T16:17:33","modified_gmt":"2023-03-20T16:17:33","slug":"strapsstrumpfe-calze-mary-weis-3","status":"publish","type":"product","link":"https:\/\/bellacloths.com\/?product=strapsstrumpfe-calze-mary-weis-3","title":{"rendered":"Strapsstr\u00fcmpfe calze-mary wei\u00df"},"content":{"rendered":"<p>Strapsstr\u00fcmpfe mit 10 cm Spitzensaum in wei\u00df<br \/>Feinmaschige Strapsstr\u00fcmpfe mit 10 cm Spitzensaum. 15 DEN<\/p>\n<p>Farbe: wei\u00df<br \/>Gr\u00f6\u00dfen: S\/M oder M\/L<\/p>\n<p>Material 82% Polyamid, 18% Elasthan<\/p>\n","protected":false},"excerpt":{"rendered":"<p>Strapsstr\u00fcmpfe mit 10 cm Spitzensaum in wei\u00dfFeinmaschige Strapsstr\u00fcmpfe mit 10 cm Spitzensaum. 15 DEN Farbe: wei\u00dfGr\u00f6\u00dfen: S\/M oder M\/L Material 82% Polyamid, 18% Elasthan<\/p>\n","protected":false},"featured_media":2011,"comment_status":"closed","ping_status":"open","template":"","meta":{"site-sidebar-layout":"default","site-content-layout":"default","ast-global-header-display":"","ast-main-header-display":"","ast-hfb-above-header-display":"","ast-hfb-below-header-display":"","ast-hfb-mobile-header-display":"","site-post-title":"","ast-breadcrumbs-content":"","ast-featured-img":"","footer-sml-layout":"","theme-transparent-header-meta":"","adv-header-id-meta":"","stick-header-meta":"","header-above-stick-meta":"","header-main-stick-meta":"","header-below-stick-meta":""},"product_cat":[30],"product_tag":[],"class_list":{"0":"post-2010","1":"product","2":"type-product","3":"status-publish","4":"has-post-thumbnail","6":"product_cat-strumpfmode-co","7":"pa_size-m-l","8":"pa_size-s-m","9":"desktop-align-left","10":"tablet-align-left","11":"mobile-align-left","13":"first","14":"instock","15":"purchasable","16":"product-type-variable"},"_links":{"self":[{"href":"https:\/\/bellacloths.com\/index.php?rest_route=\/wp\/v2\/product\/2010","targetHints":{"allow":["GET"]}}],"collection":[{"href":"https:\/\/bellacloths.com\/index.php?rest_route=\/wp\/v2\/product"}],"about":[{"href":"https:\/\/bellacloths.com\/index.php?rest_route=\/wp\/v2\/types\/product"}],"replies":[{"embeddable":true,"href":"https:\/\/bellacloths.com\/index.php?rest_route=%2Fwp%2Fv2%2Fcomments&post=2010"}],"wp:featuredmedia":[{"embeddable":true,"href":"https:\/\/bellacloths.com\/index.php?rest_route=\/wp\/v2\/media\/2011"}],"wp:attachment":[{"href":"https:\/\/bellacloths.com\/index.php?rest_route=%2Fwp%2Fv2%2Fmedia&parent=2010"}],"wp:term":[{"taxonomy":"product_cat","embeddable":true,"href":"https:\/\/bellacloths.com\/index.php?rest_route=%2Fwp%2Fv2%2Fproduct_cat&post=2010"},{"taxonomy":"product_tag","embeddable":true,"href":"https:\/\/bellacloths.com\/index.php?rest_route=%2Fwp%2Fv2%2Fproduct_tag&post=2010"}],"curies":[{"name":"wp","href":"https:\/\/api.w.org\/{rel}","templated":true}]}}