{"id":2077,"date":"2023-03-20T16:17:34","date_gmt":"2023-03-20T16:17:34","guid":{"rendered":"https:\/\/bellacloths.com\/?product=babydoll-cr3166-3"},"modified":"2023-03-20T16:18:38","modified_gmt":"2023-03-20T16:18:38","slug":"babydoll-cr3166-3","status":"publish","type":"product","link":"https:\/\/bellacloths.com\/?product=babydoll-cr3166-3","title":{"rendered":"Babydoll CR3166"},"content":{"rendered":"<p>CR3166 Babydoll von Chilirose<br \/>Wildes Babydoll in exklusivem Cheetah-Design aus fantastischem Material. Die perfekte Passform verwandelt sie in eine wilde Raubkatze. String und sch\u00f6ne Geschenkbox inklusive.<\/p>\n<p>Farbe: cheetah<br \/>Gr\u00f6\u00dfen: S\/M oder L\/XL<\/p>\n<p>Material: 90% Polyester, 10% Elasthan<\/p>\n","protected":false},"excerpt":{"rendered":"<p>CR3166 Babydoll von ChiliroseWildes Babydoll in exklusivem Cheetah-Design aus fantastischem Material. Die perfekte Passform verwandelt sie in eine wilde Raubkatze. String und sch\u00f6ne Geschenkbox inklusive. Farbe: cheetahGr\u00f6\u00dfen: S\/M oder L\/XL Material: 90% Polyester, 10% Elasthan<\/p>\n","protected":false},"featured_media":2078,"comment_status":"closed","ping_status":"open","template":"","meta":{"site-sidebar-layout":"default","site-content-layout":"default","ast-global-header-display":"","ast-main-header-display":"","ast-hfb-above-header-display":"","ast-hfb-below-header-display":"","ast-hfb-mobile-header-display":"","site-post-title":"","ast-breadcrumbs-content":"","ast-featured-img":"","footer-sml-layout":"","theme-transparent-header-meta":"","adv-header-id-meta":"","stick-header-meta":"","header-above-stick-meta":"","header-main-stick-meta":"","header-below-stick-meta":""},"product_cat":[41],"product_tag":[],"class_list":{"0":"post-2077","1":"product","2":"type-product","3":"status-publish","4":"has-post-thumbnail","6":"product_cat-babydolls-negligees","7":"pa_size-l-xl","8":"pa_size-s-m","9":"desktop-align-left","10":"tablet-align-left","11":"mobile-align-left","13":"first","14":"instock","15":"purchasable","16":"product-type-variable"},"_links":{"self":[{"href":"https:\/\/bellacloths.com\/index.php?rest_route=\/wp\/v2\/product\/2077","targetHints":{"allow":["GET"]}}],"collection":[{"href":"https:\/\/bellacloths.com\/index.php?rest_route=\/wp\/v2\/product"}],"about":[{"href":"https:\/\/bellacloths.com\/index.php?rest_route=\/wp\/v2\/types\/product"}],"replies":[{"embeddable":true,"href":"https:\/\/bellacloths.com\/index.php?rest_route=%2Fwp%2Fv2%2Fcomments&post=2077"}],"wp:featuredmedia":[{"embeddable":true,"href":"https:\/\/bellacloths.com\/index.php?rest_route=\/wp\/v2\/media\/2078"}],"wp:attachment":[{"href":"https:\/\/bellacloths.com\/index.php?rest_route=%2Fwp%2Fv2%2Fmedia&parent=2077"}],"wp:term":[{"taxonomy":"product_cat","embeddable":true,"href":"https:\/\/bellacloths.com\/index.php?rest_route=%2Fwp%2Fv2%2Fproduct_cat&post=2077"},{"taxonomy":"product_tag","embeddable":true,"href":"https:\/\/bellacloths.com\/index.php?rest_route=%2Fwp%2Fv2%2Fproduct_tag&post=2077"}],"curies":[{"name":"wp","href":"https:\/\/api.w.org\/{rel}","templated":true}]}}