{"id":2103,"date":"2023-03-20T16:19:53","date_gmt":"2023-03-20T16:19:53","guid":{"rendered":"https:\/\/bellacloths.com\/?product=rock-cr3077-3"},"modified":"2023-03-20T16:20:23","modified_gmt":"2023-03-20T16:20:23","slug":"rock-cr3077-3","status":"publish","type":"product","link":"https:\/\/bellacloths.com\/?product=rock-cr3077-3","title":{"rendered":"Rock CR3077"},"content":{"rendered":"<p>Minirock CR3077 von Chilirose<br \/>Aufregender, sexy Minirock. F\u00fcr eine bessere Passform ist der Rock an den Seiten schn\u00fcrbar. Werden Sie zur K\u00f6nigin der Nacht!<\/p>\n<p>Farbe: schwarz<br \/>Gr\u00f6\u00dfen: S, M, L, XL oder XXL<\/p>\n<p>Material: 90% Polyester, 10% Elasthan<\/p>\n","protected":false},"excerpt":{"rendered":"<p>Minirock CR3077 von ChiliroseAufregender, sexy Minirock. F\u00fcr eine bessere Passform ist der Rock an den Seiten schn\u00fcrbar. Werden Sie zur K\u00f6nigin der Nacht! Farbe: schwarzGr\u00f6\u00dfen: S, M, L, XL oder XXL Material: 90% Polyester, 10% Elasthan<\/p>\n","protected":false},"featured_media":2104,"comment_status":"closed","ping_status":"open","template":"","meta":{"site-sidebar-layout":"default","site-content-layout":"default","ast-global-header-display":"","ast-main-header-display":"","ast-hfb-above-header-display":"","ast-hfb-below-header-display":"","ast-hfb-mobile-header-display":"","site-post-title":"","ast-breadcrumbs-content":"","ast-featured-img":"","footer-sml-layout":"","theme-transparent-header-meta":"","adv-header-id-meta":"","stick-header-meta":"","header-above-stick-meta":"","header-main-stick-meta":"","header-below-stick-meta":""},"product_cat":[38],"product_tag":[],"class_list":{"0":"post-2103","1":"product","2":"type-product","3":"status-publish","4":"has-post-thumbnail","6":"product_cat-accessoires","7":"pa_size-xl","8":"pa_size-xxl","9":"pa_size-l","10":"pa_size-m","11":"pa_size-s","12":"desktop-align-left","13":"tablet-align-left","14":"mobile-align-left","16":"first","17":"instock","18":"purchasable","19":"product-type-variable"},"_links":{"self":[{"href":"https:\/\/bellacloths.com\/index.php?rest_route=\/wp\/v2\/product\/2103","targetHints":{"allow":["GET"]}}],"collection":[{"href":"https:\/\/bellacloths.com\/index.php?rest_route=\/wp\/v2\/product"}],"about":[{"href":"https:\/\/bellacloths.com\/index.php?rest_route=\/wp\/v2\/types\/product"}],"replies":[{"embeddable":true,"href":"https:\/\/bellacloths.com\/index.php?rest_route=%2Fwp%2Fv2%2Fcomments&post=2103"}],"wp:featuredmedia":[{"embeddable":true,"href":"https:\/\/bellacloths.com\/index.php?rest_route=\/wp\/v2\/media\/2104"}],"wp:attachment":[{"href":"https:\/\/bellacloths.com\/index.php?rest_route=%2Fwp%2Fv2%2Fmedia&parent=2103"}],"wp:term":[{"taxonomy":"product_cat","embeddable":true,"href":"https:\/\/bellacloths.com\/index.php?rest_route=%2Fwp%2Fv2%2Fproduct_cat&post=2103"},{"taxonomy":"product_tag","embeddable":true,"href":"https:\/\/bellacloths.com\/index.php?rest_route=%2Fwp%2Fv2%2Fproduct_tag&post=2103"}],"curies":[{"name":"wp","href":"https:\/\/api.w.org\/{rel}","templated":true}]}}