{"id":2121,"date":"2023-03-20T16:20:24","date_gmt":"2023-03-20T16:20:24","guid":{"rendered":"https:\/\/bellacloths.com\/?product=satin-handschuhe-schwarz-cr3192-3"},"modified":"2023-03-20T16:20:45","modified_gmt":"2023-03-20T16:20:45","slug":"satin-handschuhe-schwarz-cr3192-3","status":"publish","type":"product","link":"https:\/\/bellacloths.com\/?product=satin-handschuhe-schwarz-cr3192-3","title":{"rendered":"Satin-Handschuhe schwarz CR3192"},"content":{"rendered":"<p>Schwarze Satin-Handschuhe lang CR3192 von Chilirose<br \/>Fehlt Ihnen eine Idee, wie Sie Ihr Outfit verfeinern k\u00f6nnen und wissen Sie nicht, welches Accessoire noch fehlt? Diese Handschuhe sind die ideale L\u00f6sung Ihres Problems! Der universelle Stil der Handschuhe passt nahezu bei jedem Anlass. Sie werden au\u00dfergew\u00f6hnlich und originell inmitten gew\u00f6hnlicher Kleidung aussehen. Die Handschuhe werden Ihrem Outfit Geschmack und Klasse verleihen. Die Handschuhe sind aus schwarzem Satin-Material und erh\u00e4ltlich in einer L\u00e4nge.<\/p>\n<p>Farbe: schwarz<br \/>Gr\u00f6\u00dfe: S-L one-size<\/p>\n<p>Material: 88% Nylon, 12% Elasthan<\/p>\n","protected":false},"excerpt":{"rendered":"<p>Schwarze Satin-Handschuhe lang CR3192 von ChiliroseFehlt Ihnen eine Idee, wie Sie Ihr Outfit verfeinern k\u00f6nnen und wissen Sie nicht, welches Accessoire noch fehlt? Diese Handschuhe sind die ideale L\u00f6sung Ihres Problems! Der universelle Stil der Handschuhe passt nahezu bei jedem Anlass. Sie werden au\u00dfergew\u00f6hnlich und originell inmitten gew\u00f6hnlicher Kleidung aussehen. Die Handschuhe werden Ihrem Outfit &hellip;<\/p>\n<p class=\"read-more\"> <a class=\"\" href=\"https:\/\/bellacloths.com\/?product=satin-handschuhe-schwarz-cr3192-3\"> <span class=\"screen-reader-text\">Satin-Handschuhe schwarz CR3192<\/span> Read More &raquo;<\/a><\/p>\n","protected":false},"featured_media":2122,"comment_status":"closed","ping_status":"open","template":"","meta":{"site-sidebar-layout":"default","site-content-layout":"default","ast-global-header-display":"","ast-main-header-display":"","ast-hfb-above-header-display":"","ast-hfb-below-header-display":"","ast-hfb-mobile-header-display":"","site-post-title":"","ast-breadcrumbs-content":"","ast-featured-img":"","footer-sml-layout":"","theme-transparent-header-meta":"","adv-header-id-meta":"","stick-header-meta":"","header-above-stick-meta":"","header-main-stick-meta":"","header-below-stick-meta":""},"product_cat":[38],"product_tag":[],"class_list":{"0":"post-2121","1":"product","2":"type-product","3":"status-publish","4":"has-post-thumbnail","6":"product_cat-accessoires","7":"desktop-align-left","8":"tablet-align-left","9":"mobile-align-left","11":"first","12":"outofstock","13":"purchasable","14":"product-type-simple"},"_links":{"self":[{"href":"https:\/\/bellacloths.com\/index.php?rest_route=\/wp\/v2\/product\/2121","targetHints":{"allow":["GET"]}}],"collection":[{"href":"https:\/\/bellacloths.com\/index.php?rest_route=\/wp\/v2\/product"}],"about":[{"href":"https:\/\/bellacloths.com\/index.php?rest_route=\/wp\/v2\/types\/product"}],"replies":[{"embeddable":true,"href":"https:\/\/bellacloths.com\/index.php?rest_route=%2Fwp%2Fv2%2Fcomments&post=2121"}],"wp:featuredmedia":[{"embeddable":true,"href":"https:\/\/bellacloths.com\/index.php?rest_route=\/wp\/v2\/media\/2122"}],"wp:attachment":[{"href":"https:\/\/bellacloths.com\/index.php?rest_route=%2Fwp%2Fv2%2Fmedia&parent=2121"}],"wp:term":[{"taxonomy":"product_cat","embeddable":true,"href":"https:\/\/bellacloths.com\/index.php?rest_route=%2Fwp%2Fv2%2Fproduct_cat&post=2121"},{"taxonomy":"product_tag","embeddable":true,"href":"https:\/\/bellacloths.com\/index.php?rest_route=%2Fwp%2Fv2%2Fproduct_tag&post=2121"}],"curies":[{"name":"wp","href":"https:\/\/api.w.org\/{rel}","templated":true}]}}