{"id":2124,"date":"2023-03-20T16:20:24","date_gmt":"2023-03-20T16:20:24","guid":{"rendered":"https:\/\/bellacloths.com\/?product=minikleid-cr3049-3"},"modified":"2023-03-20T16:21:12","modified_gmt":"2023-03-20T16:21:12","slug":"minikleid-cr3049-3","status":"publish","type":"product","link":"https:\/\/bellacloths.com\/?product=minikleid-cr3049-3","title":{"rendered":"Minikleid CR3049"},"content":{"rendered":"<p>Schwarzes Minikleid CR3049 von Chilirose<br \/>Dieses s\u00fc\u00dfe und hei\u00dfe Cocktail-Kleid ist sehr vielseitig. Die gro\u00dfartige Passform und der sexy Schnitt verleihen diesem Kleid einen au\u00dfergew\u00f6hnlichen Touch. In exklusiver Geschenkverpackung.<\/p>\n<p>Farbe: schwarz<br \/>Gr\u00f6\u00dfen: S\/M oder L\/XL<\/p>\n<p>Material: 90% Polyester, 10% Elasthan<\/p>\n","protected":false},"excerpt":{"rendered":"<p>Schwarzes Minikleid CR3049 von ChiliroseDieses s\u00fc\u00dfe und hei\u00dfe Cocktail-Kleid ist sehr vielseitig. Die gro\u00dfartige Passform und der sexy Schnitt verleihen diesem Kleid einen au\u00dfergew\u00f6hnlichen Touch. In exklusiver Geschenkverpackung. Farbe: schwarzGr\u00f6\u00dfen: S\/M oder L\/XL Material: 90% Polyester, 10% Elasthan<\/p>\n","protected":false},"featured_media":2125,"comment_status":"closed","ping_status":"open","template":"","meta":{"site-sidebar-layout":"default","site-content-layout":"default","ast-global-header-display":"","ast-main-header-display":"","ast-hfb-above-header-display":"","ast-hfb-below-header-display":"","ast-hfb-mobile-header-display":"","site-post-title":"","ast-breadcrumbs-content":"","ast-featured-img":"","footer-sml-layout":"","theme-transparent-header-meta":"","adv-header-id-meta":"","stick-header-meta":"","header-above-stick-meta":"","header-main-stick-meta":"","header-below-stick-meta":""},"product_cat":[40],"product_tag":[],"class_list":{"0":"post-2124","1":"product","2":"type-product","3":"status-publish","4":"has-post-thumbnail","6":"product_cat-kleider-tops","7":"pa_size-l-xl","8":"pa_size-s-m","9":"desktop-align-left","10":"tablet-align-left","11":"mobile-align-left","13":"first","14":"instock","15":"purchasable","16":"product-type-variable"},"_links":{"self":[{"href":"https:\/\/bellacloths.com\/index.php?rest_route=\/wp\/v2\/product\/2124","targetHints":{"allow":["GET"]}}],"collection":[{"href":"https:\/\/bellacloths.com\/index.php?rest_route=\/wp\/v2\/product"}],"about":[{"href":"https:\/\/bellacloths.com\/index.php?rest_route=\/wp\/v2\/types\/product"}],"replies":[{"embeddable":true,"href":"https:\/\/bellacloths.com\/index.php?rest_route=%2Fwp%2Fv2%2Fcomments&post=2124"}],"wp:featuredmedia":[{"embeddable":true,"href":"https:\/\/bellacloths.com\/index.php?rest_route=\/wp\/v2\/media\/2125"}],"wp:attachment":[{"href":"https:\/\/bellacloths.com\/index.php?rest_route=%2Fwp%2Fv2%2Fmedia&parent=2124"}],"wp:term":[{"taxonomy":"product_cat","embeddable":true,"href":"https:\/\/bellacloths.com\/index.php?rest_route=%2Fwp%2Fv2%2Fproduct_cat&post=2124"},{"taxonomy":"product_tag","embeddable":true,"href":"https:\/\/bellacloths.com\/index.php?rest_route=%2Fwp%2Fv2%2Fproduct_tag&post=2124"}],"curies":[{"name":"wp","href":"https:\/\/api.w.org\/{rel}","templated":true}]}}