{"id":2131,"date":"2023-03-20T16:20:24","date_gmt":"2023-03-20T16:20:24","guid":{"rendered":"https:\/\/bellacloths.com\/?product=babydoll-cr3020-schwarz-3"},"modified":"2023-03-20T16:21:14","modified_gmt":"2023-03-20T16:21:14","slug":"babydoll-cr3020-schwarz-3","status":"publish","type":"product","link":"https:\/\/bellacloths.com\/?product=babydoll-cr3020-schwarz-3","title":{"rendered":"Babydoll CR3020 schwarz"},"content":{"rendered":"<p>Schwarzes Spitzen-Babydoll CR3020 von Chilirose<br \/>Exklusives Babydoll mit tiefem R\u00fcckenausschnitt, sch\u00f6ner Spitze und transparentem Mesh in schwarz. Mit B\u00fcgel-Cups, verstellbaren Tr\u00e4gern und Riemchen sowie einer s\u00fc\u00dfen Schleife zwischen den Cups. Passender String inklusive.<\/p>\n<p>Farbe: schwarz<br \/>Gr\u00f6\u00dfen: S\/M oder L\/XL<\/p>\n<p>S\/M (Brust: 82-94 cm, Cups: B-D, Taille: 55-75 cm, H\u00fcfte: 82-96 cm)<br \/>L\/XL (Brust: 92-102 cm, Cups: B-D, Taille: 70-90 cm, H\u00fcfte: 90-104 cm)<\/p>\n<p>Material: 90% Polyester, 10% Elasthan<\/p>\n","protected":false},"excerpt":{"rendered":"<p>Schwarzes Spitzen-Babydoll CR3020 von ChiliroseExklusives Babydoll mit tiefem R\u00fcckenausschnitt, sch\u00f6ner Spitze und transparentem Mesh in schwarz. Mit B\u00fcgel-Cups, verstellbaren Tr\u00e4gern und Riemchen sowie einer s\u00fc\u00dfen Schleife zwischen den Cups. Passender String inklusive. Farbe: schwarzGr\u00f6\u00dfen: S\/M oder L\/XL S\/M (Brust: 82-94 cm, Cups: B-D, Taille: 55-75 cm, H\u00fcfte: 82-96 cm)L\/XL (Brust: 92-102 cm, Cups: B-D, Taille: &hellip;<\/p>\n<p class=\"read-more\"> <a class=\"\" href=\"https:\/\/bellacloths.com\/?product=babydoll-cr3020-schwarz-3\"> <span class=\"screen-reader-text\">Babydoll CR3020 schwarz<\/span> Read More &raquo;<\/a><\/p>\n","protected":false},"featured_media":2132,"comment_status":"closed","ping_status":"open","template":"","meta":{"site-sidebar-layout":"default","site-content-layout":"default","ast-global-header-display":"","ast-main-header-display":"","ast-hfb-above-header-display":"","ast-hfb-below-header-display":"","ast-hfb-mobile-header-display":"","site-post-title":"","ast-breadcrumbs-content":"","ast-featured-img":"","footer-sml-layout":"","theme-transparent-header-meta":"","adv-header-id-meta":"","stick-header-meta":"","header-above-stick-meta":"","header-main-stick-meta":"","header-below-stick-meta":""},"product_cat":[41],"product_tag":[],"class_list":{"0":"post-2131","1":"product","2":"type-product","3":"status-publish","4":"has-post-thumbnail","6":"product_cat-babydolls-negligees","7":"pa_size-l-xl","8":"pa_size-s-m","9":"desktop-align-left","10":"tablet-align-left","11":"mobile-align-left","13":"first","14":"instock","15":"purchasable","16":"product-type-variable"},"_links":{"self":[{"href":"https:\/\/bellacloths.com\/index.php?rest_route=\/wp\/v2\/product\/2131","targetHints":{"allow":["GET"]}}],"collection":[{"href":"https:\/\/bellacloths.com\/index.php?rest_route=\/wp\/v2\/product"}],"about":[{"href":"https:\/\/bellacloths.com\/index.php?rest_route=\/wp\/v2\/types\/product"}],"replies":[{"embeddable":true,"href":"https:\/\/bellacloths.com\/index.php?rest_route=%2Fwp%2Fv2%2Fcomments&post=2131"}],"wp:featuredmedia":[{"embeddable":true,"href":"https:\/\/bellacloths.com\/index.php?rest_route=\/wp\/v2\/media\/2132"}],"wp:attachment":[{"href":"https:\/\/bellacloths.com\/index.php?rest_route=%2Fwp%2Fv2%2Fmedia&parent=2131"}],"wp:term":[{"taxonomy":"product_cat","embeddable":true,"href":"https:\/\/bellacloths.com\/index.php?rest_route=%2Fwp%2Fv2%2Fproduct_cat&post=2131"},{"taxonomy":"product_tag","embeddable":true,"href":"https:\/\/bellacloths.com\/index.php?rest_route=%2Fwp%2Fv2%2Fproduct_tag&post=2131"}],"curies":[{"name":"wp","href":"https:\/\/api.w.org\/{rel}","templated":true}]}}