{"id":2145,"date":"2023-03-20T16:21:14","date_gmt":"2023-03-20T16:21:14","guid":{"rendered":"https:\/\/bellacloths.com\/?product=strumpfe-dr0081-schwarz-2"},"modified":"2023-03-20T16:21:38","modified_gmt":"2023-03-20T16:21:38","slug":"strumpfe-dr0081-schwarz-2","status":"publish","type":"product","link":"https:\/\/bellacloths.com\/?product=strumpfe-dr0081-schwarz-2","title":{"rendered":"Str\u00fcmpfe DR0081 schwarz"},"content":{"rendered":"<p>Str\u00fcmpfe &#8211; Black Diamond Style 0081 schwarz<br \/>Durchscheinende, oberschenkelhohe Str\u00fcmpfe mit Naht, Spitzenverzierung und Silikon f\u00fcr besseren Halt. String nicht im Lieferumfang enthalten.<\/p>\n<p>Farbe: schwarz<br \/>Gr\u00f6\u00dfe: One-size<\/p>\n<p>Material: 88% Nylon, 12% Elasthan<\/p>\n","protected":false},"excerpt":{"rendered":"<p>Str\u00fcmpfe &#8211; Black Diamond Style 0081 schwarzDurchscheinende, oberschenkelhohe Str\u00fcmpfe mit Naht, Spitzenverzierung und Silikon f\u00fcr besseren Halt. String nicht im Lieferumfang enthalten. Farbe: schwarzGr\u00f6\u00dfe: One-size Material: 88% Nylon, 12% Elasthan<\/p>\n","protected":false},"featured_media":2146,"comment_status":"closed","ping_status":"open","template":"","meta":{"site-sidebar-layout":"default","site-content-layout":"default","ast-global-header-display":"","ast-main-header-display":"","ast-hfb-above-header-display":"","ast-hfb-below-header-display":"","ast-hfb-mobile-header-display":"","site-post-title":"","ast-breadcrumbs-content":"","ast-featured-img":"","footer-sml-layout":"","theme-transparent-header-meta":"","adv-header-id-meta":"","stick-header-meta":"","header-above-stick-meta":"","header-main-stick-meta":"","header-below-stick-meta":""},"product_cat":[30],"product_tag":[],"class_list":{"0":"post-2145","1":"product","2":"type-product","3":"status-publish","4":"has-post-thumbnail","6":"product_cat-strumpfmode-co","7":"desktop-align-left","8":"tablet-align-left","9":"mobile-align-left","11":"first","12":"instock","13":"purchasable","14":"product-type-simple"},"_links":{"self":[{"href":"https:\/\/bellacloths.com\/index.php?rest_route=\/wp\/v2\/product\/2145","targetHints":{"allow":["GET"]}}],"collection":[{"href":"https:\/\/bellacloths.com\/index.php?rest_route=\/wp\/v2\/product"}],"about":[{"href":"https:\/\/bellacloths.com\/index.php?rest_route=\/wp\/v2\/types\/product"}],"replies":[{"embeddable":true,"href":"https:\/\/bellacloths.com\/index.php?rest_route=%2Fwp%2Fv2%2Fcomments&post=2145"}],"wp:featuredmedia":[{"embeddable":true,"href":"https:\/\/bellacloths.com\/index.php?rest_route=\/wp\/v2\/media\/2146"}],"wp:attachment":[{"href":"https:\/\/bellacloths.com\/index.php?rest_route=%2Fwp%2Fv2%2Fmedia&parent=2145"}],"wp:term":[{"taxonomy":"product_cat","embeddable":true,"href":"https:\/\/bellacloths.com\/index.php?rest_route=%2Fwp%2Fv2%2Fproduct_cat&post=2145"},{"taxonomy":"product_tag","embeddable":true,"href":"https:\/\/bellacloths.com\/index.php?rest_route=%2Fwp%2Fv2%2Fproduct_tag&post=2145"}],"curies":[{"name":"wp","href":"https:\/\/api.w.org\/{rel}","templated":true}]}}