{"id":2276,"date":"2023-03-20T16:26:12","date_gmt":"2023-03-20T16:26:12","guid":{"rendered":"https:\/\/bellacloths.com\/?product=strapsstrumpfe-calze-roberta-schwarz"},"modified":"2023-03-20T16:26:33","modified_gmt":"2023-03-20T16:26:33","slug":"strapsstrumpfe-calze-roberta-schwarz","status":"publish","type":"product","link":"https:\/\/bellacloths.com\/?product=strapsstrumpfe-calze-roberta-schwarz","title":{"rendered":"Strapsstr\u00fcmpfe calze-roberta-schwarz"},"content":{"rendered":"<p>Schwarze Strapsstr\u00fcmpfe mit Elasthan<br \/>Feinmaschige Strapsstr\u00fcmpfe mit Elasthan. 15 DEN.<\/p>\n<p>Farbe: schwarz<br \/>Gr\u00f6\u00dfen: S\/M oder M\/L<\/p>\n<p>Material 88% Polyamid, 12% Elasthan<\/p>\n","protected":false},"excerpt":{"rendered":"<p>Schwarze Strapsstr\u00fcmpfe mit ElasthanFeinmaschige Strapsstr\u00fcmpfe mit Elasthan. 15 DEN. Farbe: schwarzGr\u00f6\u00dfen: S\/M oder M\/L Material 88% Polyamid, 12% Elasthan<\/p>\n","protected":false},"featured_media":1178,"comment_status":"closed","ping_status":"open","template":"","meta":{"site-sidebar-layout":"default","site-content-layout":"default","ast-global-header-display":"","ast-main-header-display":"","ast-hfb-above-header-display":"","ast-hfb-below-header-display":"","ast-hfb-mobile-header-display":"","site-post-title":"","ast-breadcrumbs-content":"","ast-featured-img":"","footer-sml-layout":"","theme-transparent-header-meta":"","adv-header-id-meta":"","stick-header-meta":"","header-above-stick-meta":"","header-main-stick-meta":"","header-below-stick-meta":""},"product_cat":[30],"product_tag":[],"class_list":{"0":"post-2276","1":"product","2":"type-product","3":"status-publish","4":"has-post-thumbnail","6":"product_cat-strumpfmode-co","7":"pa_size-m-l","8":"pa_size-s-m","9":"desktop-align-left","10":"tablet-align-left","11":"mobile-align-left","13":"first","14":"instock","15":"purchasable","16":"product-type-variable"},"_links":{"self":[{"href":"https:\/\/bellacloths.com\/index.php?rest_route=\/wp\/v2\/product\/2276","targetHints":{"allow":["GET"]}}],"collection":[{"href":"https:\/\/bellacloths.com\/index.php?rest_route=\/wp\/v2\/product"}],"about":[{"href":"https:\/\/bellacloths.com\/index.php?rest_route=\/wp\/v2\/types\/product"}],"replies":[{"embeddable":true,"href":"https:\/\/bellacloths.com\/index.php?rest_route=%2Fwp%2Fv2%2Fcomments&post=2276"}],"wp:featuredmedia":[{"embeddable":true,"href":"https:\/\/bellacloths.com\/index.php?rest_route=\/wp\/v2\/media\/1178"}],"wp:attachment":[{"href":"https:\/\/bellacloths.com\/index.php?rest_route=%2Fwp%2Fv2%2Fmedia&parent=2276"}],"wp:term":[{"taxonomy":"product_cat","embeddable":true,"href":"https:\/\/bellacloths.com\/index.php?rest_route=%2Fwp%2Fv2%2Fproduct_cat&post=2276"},{"taxonomy":"product_tag","embeddable":true,"href":"https:\/\/bellacloths.com\/index.php?rest_route=%2Fwp%2Fv2%2Fproduct_tag&post=2276"}],"curies":[{"name":"wp","href":"https:\/\/api.w.org\/{rel}","templated":true}]}}