{"id":2296,"date":"2023-03-20T16:26:40","date_gmt":"2023-03-20T16:26:40","guid":{"rendered":"https:\/\/bellacloths.com\/?product=satin-handschuhe-weis-cr3311"},"modified":"2023-03-20T16:26:42","modified_gmt":"2023-03-20T16:26:42","slug":"satin-handschuhe-weis-cr3311","status":"publish","type":"product","link":"https:\/\/bellacloths.com\/?product=satin-handschuhe-weis-cr3311","title":{"rendered":"Satin-Handschuhe wei\u00df CR3311"},"content":{"rendered":"<p>Wei\u00dfe Satin-Handschuhe CR3311 von Chilirose<br \/>Sie haben keine Idee, wie Sie Ihr Outfit verfeinern k\u00f6nnen und wissen nicht, welches Accessoire passt? Diese Handschuhe sind die ideale L\u00f6sung f\u00fcr jede Gelegenheit!<\/p>\n<p>Farbe: wei\u00df<br \/>Gr\u00f6\u00dfe: one-size<\/p>\n<p>Material: 90% Polyester, 10% Elasthan<\/p>\n","protected":false},"excerpt":{"rendered":"<p>Wei\u00dfe Satin-Handschuhe CR3311 von ChiliroseSie haben keine Idee, wie Sie Ihr Outfit verfeinern k\u00f6nnen und wissen nicht, welches Accessoire passt? Diese Handschuhe sind die ideale L\u00f6sung f\u00fcr jede Gelegenheit! Farbe: wei\u00dfGr\u00f6\u00dfe: one-size Material: 90% Polyester, 10% Elasthan<\/p>\n","protected":false},"featured_media":1192,"comment_status":"closed","ping_status":"open","template":"","meta":{"site-sidebar-layout":"default","site-content-layout":"default","ast-global-header-display":"","ast-main-header-display":"","ast-hfb-above-header-display":"","ast-hfb-below-header-display":"","ast-hfb-mobile-header-display":"","site-post-title":"","ast-breadcrumbs-content":"","ast-featured-img":"","footer-sml-layout":"","theme-transparent-header-meta":"","adv-header-id-meta":"","stick-header-meta":"","header-above-stick-meta":"","header-main-stick-meta":"","header-below-stick-meta":""},"product_cat":[38],"product_tag":[],"class_list":{"0":"post-2296","1":"product","2":"type-product","3":"status-publish","4":"has-post-thumbnail","6":"product_cat-accessoires","7":"desktop-align-left","8":"tablet-align-left","9":"mobile-align-left","11":"first","12":"instock","13":"purchasable","14":"product-type-simple"},"_links":{"self":[{"href":"https:\/\/bellacloths.com\/index.php?rest_route=\/wp\/v2\/product\/2296","targetHints":{"allow":["GET"]}}],"collection":[{"href":"https:\/\/bellacloths.com\/index.php?rest_route=\/wp\/v2\/product"}],"about":[{"href":"https:\/\/bellacloths.com\/index.php?rest_route=\/wp\/v2\/types\/product"}],"replies":[{"embeddable":true,"href":"https:\/\/bellacloths.com\/index.php?rest_route=%2Fwp%2Fv2%2Fcomments&post=2296"}],"wp:featuredmedia":[{"embeddable":true,"href":"https:\/\/bellacloths.com\/index.php?rest_route=\/wp\/v2\/media\/1192"}],"wp:attachment":[{"href":"https:\/\/bellacloths.com\/index.php?rest_route=%2Fwp%2Fv2%2Fmedia&parent=2296"}],"wp:term":[{"taxonomy":"product_cat","embeddable":true,"href":"https:\/\/bellacloths.com\/index.php?rest_route=%2Fwp%2Fv2%2Fproduct_cat&post=2296"},{"taxonomy":"product_tag","embeddable":true,"href":"https:\/\/bellacloths.com\/index.php?rest_route=%2Fwp%2Fv2%2Fproduct_tag&post=2296"}],"curies":[{"name":"wp","href":"https:\/\/api.w.org\/{rel}","templated":true}]}}