{"id":2317,"date":"2023-03-20T16:27:25","date_gmt":"2023-03-20T16:27:25","guid":{"rendered":"https:\/\/bellacloths.com\/?product=police-set-cr3350"},"modified":"2023-03-20T16:28:30","modified_gmt":"2023-03-20T16:28:30","slug":"police-set-cr3350","status":"publish","type":"product","link":"https:\/\/bellacloths.com\/?product=police-set-cr3350","title":{"rendered":"Police Set CR3350"},"content":{"rendered":"<p>Kost\u00fcm Police Set CR3350 &#8211; von Chilirose<br \/>Sexy Kleid mit Rei\u00dfverschluss, Polizeim\u00fctze und -dienstmarke, sexy Top, String und Str\u00fcmpfe. Inklusive Handschellen und Walkie-Talkie.<\/p>\n<p>Farbe: schwarz<br \/>Gr\u00f6\u00dfen: S\/M oder L\/XL<\/p>\n<p>Material: 85% Polyester, 15% Elasthan (Kleid), 100% Polyester (M\u00fctze), 85% Polyester, 15% Elasthan (Top), 85% Polyester, 15% Elasthan (String), 100% Nylon (Str\u00fcmpfe)<\/p>\n","protected":false},"excerpt":{"rendered":"<p>Kost\u00fcm Police Set CR3350 &#8211; von ChiliroseSexy Kleid mit Rei\u00dfverschluss, Polizeim\u00fctze und -dienstmarke, sexy Top, String und Str\u00fcmpfe. Inklusive Handschellen und Walkie-Talkie. Farbe: schwarzGr\u00f6\u00dfen: S\/M oder L\/XL Material: 85% Polyester, 15% Elasthan (Kleid), 100% Polyester (M\u00fctze), 85% Polyester, 15% Elasthan (Top), 85% Polyester, 15% Elasthan (String), 100% Nylon (Str\u00fcmpfe)<\/p>\n","protected":false},"featured_media":1210,"comment_status":"closed","ping_status":"open","template":"","meta":{"site-sidebar-layout":"default","site-content-layout":"default","ast-global-header-display":"","ast-main-header-display":"","ast-hfb-above-header-display":"","ast-hfb-below-header-display":"","ast-hfb-mobile-header-display":"","site-post-title":"","ast-breadcrumbs-content":"","ast-featured-img":"","footer-sml-layout":"","theme-transparent-header-meta":"","adv-header-id-meta":"","stick-header-meta":"","header-above-stick-meta":"","header-main-stick-meta":"","header-below-stick-meta":""},"product_cat":[39],"product_tag":[],"class_list":{"0":"post-2317","1":"product","2":"type-product","3":"status-publish","4":"has-post-thumbnail","6":"product_cat-outfits-kostume","7":"pa_size-l-xl","8":"pa_size-s-m","9":"desktop-align-left","10":"tablet-align-left","11":"mobile-align-left","13":"first","14":"instock","15":"purchasable","16":"product-type-variable"},"_links":{"self":[{"href":"https:\/\/bellacloths.com\/index.php?rest_route=\/wp\/v2\/product\/2317","targetHints":{"allow":["GET"]}}],"collection":[{"href":"https:\/\/bellacloths.com\/index.php?rest_route=\/wp\/v2\/product"}],"about":[{"href":"https:\/\/bellacloths.com\/index.php?rest_route=\/wp\/v2\/types\/product"}],"replies":[{"embeddable":true,"href":"https:\/\/bellacloths.com\/index.php?rest_route=%2Fwp%2Fv2%2Fcomments&post=2317"}],"wp:featuredmedia":[{"embeddable":true,"href":"https:\/\/bellacloths.com\/index.php?rest_route=\/wp\/v2\/media\/1210"}],"wp:attachment":[{"href":"https:\/\/bellacloths.com\/index.php?rest_route=%2Fwp%2Fv2%2Fmedia&parent=2317"}],"wp:term":[{"taxonomy":"product_cat","embeddable":true,"href":"https:\/\/bellacloths.com\/index.php?rest_route=%2Fwp%2Fv2%2Fproduct_cat&post=2317"},{"taxonomy":"product_tag","embeddable":true,"href":"https:\/\/bellacloths.com\/index.php?rest_route=%2Fwp%2Fv2%2Fproduct_tag&post=2317"}],"curies":[{"name":"wp","href":"https:\/\/api.w.org\/{rel}","templated":true}]}}