{"id":2322,"date":"2023-03-20T16:27:51","date_gmt":"2023-03-20T16:27:51","guid":{"rendered":"https:\/\/bellacloths.com\/?product=garter-stockings-s500-schwarz"},"modified":"2023-03-20T16:28:02","modified_gmt":"2023-03-20T16:28:02","slug":"garter-stockings-s500-schwarz","status":"publish","type":"product","link":"https:\/\/bellacloths.com\/?product=garter-stockings-s500-schwarz","title":{"rendered":"Garter Stockings S500 schwarz"},"content":{"rendered":"<p>Garter Stockings &#8220;S500&#8221; in schwarz<br \/>Extravagante Kombination aus Sinnlichkeit und N\u00fctzlichkeit aufgrund des offenen Schritts. Mit hei\u00dfen Ausschnitten am Oberschenkel und Ges\u00e4\u00df. Weiches, glattes und hochwertiges Material mit floralem Muster entlang der H\u00fcfte.<\/p>\n<p>Farbe: schwarz<br \/>Gr\u00f6\u00dfe: S-L one-size<\/p>\n<p>Material: 90% Nylon, 10% Elasthan<\/p>\n","protected":false},"excerpt":{"rendered":"<p>Garter Stockings &#8220;S500&#8221; in schwarzExtravagante Kombination aus Sinnlichkeit und N\u00fctzlichkeit aufgrund des offenen Schritts. Mit hei\u00dfen Ausschnitten am Oberschenkel und Ges\u00e4\u00df. Weiches, glattes und hochwertiges Material mit floralem Muster entlang der H\u00fcfte. Farbe: schwarzGr\u00f6\u00dfe: S-L one-size Material: 90% Nylon, 10% Elasthan<\/p>\n","protected":false},"featured_media":1214,"comment_status":"closed","ping_status":"open","template":"","meta":{"site-sidebar-layout":"default","site-content-layout":"default","ast-global-header-display":"","ast-main-header-display":"","ast-hfb-above-header-display":"","ast-hfb-below-header-display":"","ast-hfb-mobile-header-display":"","site-post-title":"","ast-breadcrumbs-content":"","ast-featured-img":"","footer-sml-layout":"","theme-transparent-header-meta":"","adv-header-id-meta":"","stick-header-meta":"","header-above-stick-meta":"","header-main-stick-meta":"","header-below-stick-meta":""},"product_cat":[30],"product_tag":[],"class_list":{"0":"post-2322","1":"product","2":"type-product","3":"status-publish","4":"has-post-thumbnail","6":"product_cat-strumpfmode-co","7":"desktop-align-left","8":"tablet-align-left","9":"mobile-align-left","11":"first","12":"instock","13":"purchasable","14":"product-type-simple"},"_links":{"self":[{"href":"https:\/\/bellacloths.com\/index.php?rest_route=\/wp\/v2\/product\/2322","targetHints":{"allow":["GET"]}}],"collection":[{"href":"https:\/\/bellacloths.com\/index.php?rest_route=\/wp\/v2\/product"}],"about":[{"href":"https:\/\/bellacloths.com\/index.php?rest_route=\/wp\/v2\/types\/product"}],"replies":[{"embeddable":true,"href":"https:\/\/bellacloths.com\/index.php?rest_route=%2Fwp%2Fv2%2Fcomments&post=2322"}],"wp:featuredmedia":[{"embeddable":true,"href":"https:\/\/bellacloths.com\/index.php?rest_route=\/wp\/v2\/media\/1214"}],"wp:attachment":[{"href":"https:\/\/bellacloths.com\/index.php?rest_route=%2Fwp%2Fv2%2Fmedia&parent=2322"}],"wp:term":[{"taxonomy":"product_cat","embeddable":true,"href":"https:\/\/bellacloths.com\/index.php?rest_route=%2Fwp%2Fv2%2Fproduct_cat&post=2322"},{"taxonomy":"product_tag","embeddable":true,"href":"https:\/\/bellacloths.com\/index.php?rest_route=%2Fwp%2Fv2%2Fproduct_tag&post=2322"}],"curies":[{"name":"wp","href":"https:\/\/api.w.org\/{rel}","templated":true}]}}