{"id":2326,"date":"2023-03-20T16:27:51","date_gmt":"2023-03-20T16:27:51","guid":{"rendered":"https:\/\/bellacloths.com\/?product=langes-kleid-cr3405-braun"},"modified":"2023-03-20T16:28:20","modified_gmt":"2023-03-20T16:28:20","slug":"langes-kleid-cr3405-braun","status":"publish","type":"product","link":"https:\/\/bellacloths.com\/?product=langes-kleid-cr3405-braun","title":{"rendered":"Langes Kleid CR3405 braun"},"content":{"rendered":"<p>Langes Kleid CR3405 braun von Chilirose<br \/>Hinrei\u00dfendes, langes Kleid mit exotischem Farbmix aus Schwarz und braunem Tiermuster. Das Satinmaterial umh\u00fcllt zart Ihre Haut und f\u00e4llt elegant. Kein String enthalten!<\/p>\n<p>Farbe: braun<br \/>Gr\u00f6\u00dfe: S\/M one-size<\/p>\n<p>Material: 90% Polyester, 10% Elasthan<\/p>\n","protected":false},"excerpt":{"rendered":"<p>Langes Kleid CR3405 braun von ChiliroseHinrei\u00dfendes, langes Kleid mit exotischem Farbmix aus Schwarz und braunem Tiermuster. Das Satinmaterial umh\u00fcllt zart Ihre Haut und f\u00e4llt elegant. Kein String enthalten! Farbe: braunGr\u00f6\u00dfe: S\/M one-size Material: 90% Polyester, 10% Elasthan<\/p>\n","protected":false},"featured_media":1216,"comment_status":"closed","ping_status":"open","template":"","meta":{"site-sidebar-layout":"default","site-content-layout":"default","ast-global-header-display":"","ast-main-header-display":"","ast-hfb-above-header-display":"","ast-hfb-below-header-display":"","ast-hfb-mobile-header-display":"","site-post-title":"","ast-breadcrumbs-content":"","ast-featured-img":"","footer-sml-layout":"","theme-transparent-header-meta":"","adv-header-id-meta":"","stick-header-meta":"","header-above-stick-meta":"","header-main-stick-meta":"","header-below-stick-meta":""},"product_cat":[40],"product_tag":[],"class_list":{"0":"post-2326","1":"product","2":"type-product","3":"status-publish","4":"has-post-thumbnail","6":"product_cat-kleider-tops","7":"desktop-align-left","8":"tablet-align-left","9":"mobile-align-left","11":"first","12":"instock","13":"purchasable","14":"product-type-simple"},"_links":{"self":[{"href":"https:\/\/bellacloths.com\/index.php?rest_route=\/wp\/v2\/product\/2326","targetHints":{"allow":["GET"]}}],"collection":[{"href":"https:\/\/bellacloths.com\/index.php?rest_route=\/wp\/v2\/product"}],"about":[{"href":"https:\/\/bellacloths.com\/index.php?rest_route=\/wp\/v2\/types\/product"}],"replies":[{"embeddable":true,"href":"https:\/\/bellacloths.com\/index.php?rest_route=%2Fwp%2Fv2%2Fcomments&post=2326"}],"wp:featuredmedia":[{"embeddable":true,"href":"https:\/\/bellacloths.com\/index.php?rest_route=\/wp\/v2\/media\/1216"}],"wp:attachment":[{"href":"https:\/\/bellacloths.com\/index.php?rest_route=%2Fwp%2Fv2%2Fmedia&parent=2326"}],"wp:term":[{"taxonomy":"product_cat","embeddable":true,"href":"https:\/\/bellacloths.com\/index.php?rest_route=%2Fwp%2Fv2%2Fproduct_cat&post=2326"},{"taxonomy":"product_tag","embeddable":true,"href":"https:\/\/bellacloths.com\/index.php?rest_route=%2Fwp%2Fv2%2Fproduct_tag&post=2326"}],"curies":[{"name":"wp","href":"https:\/\/api.w.org\/{rel}","templated":true}]}}