{"id":2328,"date":"2023-03-20T16:27:51","date_gmt":"2023-03-20T16:27:51","guid":{"rendered":"https:\/\/bellacloths.com\/?product=bodystocking-n106"},"modified":"2023-03-20T16:28:32","modified_gmt":"2023-03-20T16:28:32","slug":"bodystocking-n106","status":"publish","type":"product","link":"https:\/\/bellacloths.com\/?product=bodystocking-n106","title":{"rendered":"Bodystocking N106"},"content":{"rendered":"<p>Bodystocking &#8220;N106&#8221; schwarz von Obsessive<br \/>Netz-Bodystocking mit offenem Schritt. Wird am Nacken zusammengebunden, um eine perfekte Anpassung an den K\u00f6rper zu erm\u00f6glichen. Der K\u00f6rper wird wunderbar betont und Sie werden sich sexy und verf\u00fchrerisch f\u00fchlen!<\/p>\n<p>Farbe: schwarz<br \/>Gr\u00f6\u00dfe: S-L one-size<\/p>\n<p>Material: 90% Nylon, 10% Elasthan<\/p>\n","protected":false},"excerpt":{"rendered":"<p>Bodystocking &#8220;N106&#8221; schwarz von ObsessiveNetz-Bodystocking mit offenem Schritt. Wird am Nacken zusammengebunden, um eine perfekte Anpassung an den K\u00f6rper zu erm\u00f6glichen. Der K\u00f6rper wird wunderbar betont und Sie werden sich sexy und verf\u00fchrerisch f\u00fchlen! Farbe: schwarzGr\u00f6\u00dfe: S-L one-size Material: 90% Nylon, 10% Elasthan<\/p>\n","protected":false},"featured_media":1218,"comment_status":"closed","ping_status":"open","template":"","meta":{"site-sidebar-layout":"default","site-content-layout":"default","ast-global-header-display":"","ast-main-header-display":"","ast-hfb-above-header-display":"","ast-hfb-below-header-display":"","ast-hfb-mobile-header-display":"","site-post-title":"","ast-breadcrumbs-content":"","ast-featured-img":"","footer-sml-layout":"","theme-transparent-header-meta":"","adv-header-id-meta":"","stick-header-meta":"","header-above-stick-meta":"","header-main-stick-meta":"","header-below-stick-meta":""},"product_cat":[28],"product_tag":[],"class_list":{"0":"post-2328","1":"product","2":"type-product","3":"status-publish","4":"has-post-thumbnail","6":"product_cat-bodies-catsuits","7":"desktop-align-left","8":"tablet-align-left","9":"mobile-align-left","11":"first","12":"instock","13":"purchasable","14":"product-type-simple"},"_links":{"self":[{"href":"https:\/\/bellacloths.com\/index.php?rest_route=\/wp\/v2\/product\/2328","targetHints":{"allow":["GET"]}}],"collection":[{"href":"https:\/\/bellacloths.com\/index.php?rest_route=\/wp\/v2\/product"}],"about":[{"href":"https:\/\/bellacloths.com\/index.php?rest_route=\/wp\/v2\/types\/product"}],"replies":[{"embeddable":true,"href":"https:\/\/bellacloths.com\/index.php?rest_route=%2Fwp%2Fv2%2Fcomments&post=2328"}],"wp:featuredmedia":[{"embeddable":true,"href":"https:\/\/bellacloths.com\/index.php?rest_route=\/wp\/v2\/media\/1218"}],"wp:attachment":[{"href":"https:\/\/bellacloths.com\/index.php?rest_route=%2Fwp%2Fv2%2Fmedia&parent=2328"}],"wp:term":[{"taxonomy":"product_cat","embeddable":true,"href":"https:\/\/bellacloths.com\/index.php?rest_route=%2Fwp%2Fv2%2Fproduct_cat&post=2328"},{"taxonomy":"product_tag","embeddable":true,"href":"https:\/\/bellacloths.com\/index.php?rest_route=%2Fwp%2Fv2%2Fproduct_tag&post=2328"}],"curies":[{"name":"wp","href":"https:\/\/api.w.org\/{rel}","templated":true}]}}