{"id":2343,"date":"2023-03-20T16:28:46","date_gmt":"2023-03-20T16:28:46","guid":{"rendered":"https:\/\/bellacloths.com\/?product=idillia-babydoll-schwarz"},"modified":"2023-03-20T16:29:27","modified_gmt":"2023-03-20T16:29:27","slug":"idillia-babydoll-schwarz","status":"publish","type":"product","link":"https:\/\/bellacloths.com\/?product=idillia-babydoll-schwarz","title":{"rendered":"Idillia Babydoll schwarz"},"content":{"rendered":"<p>Babydoll &#8220;Idillia&#8221; in schwarz von Obsessive<br \/>Verlockendes Set mit verspielter Spitze und weichen, verstellbaren Tr\u00e4gern. Das Material f\u00e4llt leicht und betont Ihren K\u00f6rper. Passender String enthalten.<\/p>\n<p>Farbe: schwarz<br \/>Gr\u00f6\u00dfen: S\/M, L\/XL oder XXL<\/p>\n<p>Material: 90% Polyamid, 10% Elasthan<\/p>\n","protected":false},"excerpt":{"rendered":"<p>Babydoll &#8220;Idillia&#8221; in schwarz von ObsessiveVerlockendes Set mit verspielter Spitze und weichen, verstellbaren Tr\u00e4gern. Das Material f\u00e4llt leicht und betont Ihren K\u00f6rper. Passender String enthalten. Farbe: schwarzGr\u00f6\u00dfen: S\/M, L\/XL oder XXL Material: 90% Polyamid, 10% Elasthan<\/p>\n","protected":false},"featured_media":1229,"comment_status":"closed","ping_status":"open","template":"","meta":{"site-sidebar-layout":"default","site-content-layout":"default","ast-global-header-display":"","ast-main-header-display":"","ast-hfb-above-header-display":"","ast-hfb-below-header-display":"","ast-hfb-mobile-header-display":"","site-post-title":"","ast-breadcrumbs-content":"","ast-featured-img":"","footer-sml-layout":"","theme-transparent-header-meta":"","adv-header-id-meta":"","stick-header-meta":"","header-above-stick-meta":"","header-main-stick-meta":"","header-below-stick-meta":""},"product_cat":[41],"product_tag":[],"class_list":{"0":"post-2343","1":"product","2":"type-product","3":"status-publish","4":"has-post-thumbnail","6":"product_cat-babydolls-negligees","7":"pa_size-l-xl","8":"pa_size-s-m","9":"pa_size-xxl","10":"desktop-align-left","11":"tablet-align-left","12":"mobile-align-left","14":"first","15":"instock","16":"purchasable","17":"product-type-variable"},"_links":{"self":[{"href":"https:\/\/bellacloths.com\/index.php?rest_route=\/wp\/v2\/product\/2343","targetHints":{"allow":["GET"]}}],"collection":[{"href":"https:\/\/bellacloths.com\/index.php?rest_route=\/wp\/v2\/product"}],"about":[{"href":"https:\/\/bellacloths.com\/index.php?rest_route=\/wp\/v2\/types\/product"}],"replies":[{"embeddable":true,"href":"https:\/\/bellacloths.com\/index.php?rest_route=%2Fwp%2Fv2%2Fcomments&post=2343"}],"wp:featuredmedia":[{"embeddable":true,"href":"https:\/\/bellacloths.com\/index.php?rest_route=\/wp\/v2\/media\/1229"}],"wp:attachment":[{"href":"https:\/\/bellacloths.com\/index.php?rest_route=%2Fwp%2Fv2%2Fmedia&parent=2343"}],"wp:term":[{"taxonomy":"product_cat","embeddable":true,"href":"https:\/\/bellacloths.com\/index.php?rest_route=%2Fwp%2Fv2%2Fproduct_cat&post=2343"},{"taxonomy":"product_tag","embeddable":true,"href":"https:\/\/bellacloths.com\/index.php?rest_route=%2Fwp%2Fv2%2Fproduct_tag&post=2343"}],"curies":[{"name":"wp","href":"https:\/\/api.w.org\/{rel}","templated":true}]}}