{"id":2371,"date":"2023-03-20T16:29:28","date_gmt":"2023-03-20T16:29:28","guid":{"rendered":"https:\/\/bellacloths.com\/?product=bodystocking-dr0015-neon-pink"},"modified":"2023-03-20T16:29:50","modified_gmt":"2023-03-20T16:29:50","slug":"bodystocking-dr0015-neon-pink","status":"publish","type":"product","link":"https:\/\/bellacloths.com\/?product=bodystocking-dr0015-neon-pink","title":{"rendered":"Bodystocking DR0015 neon pink"},"content":{"rendered":"<p>Bodystocking &#8211; Black Diamond Style 0015 neon pink<br \/>Netz-Bodystocking mit langen \u00c4rmeln und offenem Schritt. String nicht im Lieferumfang enthalten.<\/p>\n<p>Farbe: neon pink<br \/>Gr\u00f6\u00dfen: One-Size oder Queen-Size (Aufpreis siehe Auswahlbox)<\/p>\n<p>Material: 100% Nylon<\/p>\n","protected":false},"excerpt":{"rendered":"<p>Bodystocking &#8211; Black Diamond Style 0015 neon pinkNetz-Bodystocking mit langen \u00c4rmeln und offenem Schritt. String nicht im Lieferumfang enthalten. Farbe: neon pinkGr\u00f6\u00dfen: One-Size oder Queen-Size (Aufpreis siehe Auswahlbox) Material: 100% Nylon<\/p>\n","protected":false},"featured_media":1246,"comment_status":"closed","ping_status":"open","template":"","meta":{"site-sidebar-layout":"default","site-content-layout":"default","ast-global-header-display":"","ast-main-header-display":"","ast-hfb-above-header-display":"","ast-hfb-below-header-display":"","ast-hfb-mobile-header-display":"","site-post-title":"","ast-breadcrumbs-content":"","ast-featured-img":"","footer-sml-layout":"","theme-transparent-header-meta":"","adv-header-id-meta":"","stick-header-meta":"","header-above-stick-meta":"","header-main-stick-meta":"","header-below-stick-meta":""},"product_cat":[28],"product_tag":[],"class_list":{"0":"post-2371","1":"product","2":"type-product","3":"status-publish","4":"has-post-thumbnail","6":"product_cat-bodies-catsuits","7":"pa_size-one-size","8":"pa_size-queen-size","9":"desktop-align-left","10":"tablet-align-left","11":"mobile-align-left","13":"first","14":"instock","15":"purchasable","16":"product-type-variable"},"_links":{"self":[{"href":"https:\/\/bellacloths.com\/index.php?rest_route=\/wp\/v2\/product\/2371","targetHints":{"allow":["GET"]}}],"collection":[{"href":"https:\/\/bellacloths.com\/index.php?rest_route=\/wp\/v2\/product"}],"about":[{"href":"https:\/\/bellacloths.com\/index.php?rest_route=\/wp\/v2\/types\/product"}],"replies":[{"embeddable":true,"href":"https:\/\/bellacloths.com\/index.php?rest_route=%2Fwp%2Fv2%2Fcomments&post=2371"}],"wp:featuredmedia":[{"embeddable":true,"href":"https:\/\/bellacloths.com\/index.php?rest_route=\/wp\/v2\/media\/1246"}],"wp:attachment":[{"href":"https:\/\/bellacloths.com\/index.php?rest_route=%2Fwp%2Fv2%2Fmedia&parent=2371"}],"wp:term":[{"taxonomy":"product_cat","embeddable":true,"href":"https:\/\/bellacloths.com\/index.php?rest_route=%2Fwp%2Fv2%2Fproduct_cat&post=2371"},{"taxonomy":"product_tag","embeddable":true,"href":"https:\/\/bellacloths.com\/index.php?rest_route=%2Fwp%2Fv2%2Fproduct_tag&post=2371"}],"curies":[{"name":"wp","href":"https:\/\/api.w.org\/{rel}","templated":true}]}}