{"id":2379,"date":"2023-03-20T16:29:49","date_gmt":"2023-03-20T16:29:49","guid":{"rendered":"https:\/\/bellacloths.com\/?product=flamenco-kleid-s-3018"},"modified":"2023-03-20T16:29:54","modified_gmt":"2023-03-20T16:29:54","slug":"flamenco-kleid-s-3018","status":"publish","type":"product","link":"https:\/\/bellacloths.com\/?product=flamenco-kleid-s-3018","title":{"rendered":"Flamenco Kleid S\/3018"},"content":{"rendered":"<p>Flamenco Kleid von Andalea<br \/>\u00dcberraschen Sie Ihren Mann und verwandeln Sie sich in eine sinnliche T\u00e4nzerin! Dieses hei\u00dfe Set ist eine Kombination aus spanischem Temperament und schwarzer Eleganz. Aus weicher, schwarzer Spitze kombiniert mit rotem T\u00fcll. Ein schwarzer String und ein passendes Strumpfband sind im Lieferumfang enthalten.<\/p>\n<p>Made in EU!<\/p>\n<p>Farben: schwarz\/rot<br \/>Gr\u00f6\u00dfen: 38\/40, 42\/44, 46\/48, 50\/52, 54\/56<\/p>\n<p>Material: 93% Polyamid, 7% Elasthan<\/p>\n","protected":false},"excerpt":{"rendered":"<p>Flamenco Kleid von Andalea\u00dcberraschen Sie Ihren Mann und verwandeln Sie sich in eine sinnliche T\u00e4nzerin! Dieses hei\u00dfe Set ist eine Kombination aus spanischem Temperament und schwarzer Eleganz. Aus weicher, schwarzer Spitze kombiniert mit rotem T\u00fcll. Ein schwarzer String und ein passendes Strumpfband sind im Lieferumfang enthalten. Made in EU! Farben: schwarz\/rotGr\u00f6\u00dfen: 38\/40, 42\/44, 46\/48, 50\/52, &hellip;<\/p>\n<p class=\"read-more\"> <a class=\"\" href=\"https:\/\/bellacloths.com\/?product=flamenco-kleid-s-3018\"> <span class=\"screen-reader-text\">Flamenco Kleid S\/3018<\/span> Read More &raquo;<\/a><\/p>\n","protected":false},"featured_media":1254,"comment_status":"closed","ping_status":"open","template":"","meta":{"site-sidebar-layout":"default","site-content-layout":"default","ast-global-header-display":"","ast-main-header-display":"","ast-hfb-above-header-display":"","ast-hfb-below-header-display":"","ast-hfb-mobile-header-display":"","site-post-title":"","ast-breadcrumbs-content":"","ast-featured-img":"","footer-sml-layout":"","theme-transparent-header-meta":"","adv-header-id-meta":"","stick-header-meta":"","header-above-stick-meta":"","header-main-stick-meta":"","header-below-stick-meta":""},"product_cat":[40],"product_tag":[],"class_list":{"0":"post-2379","1":"product","2":"type-product","3":"status-publish","4":"has-post-thumbnail","6":"product_cat-kleider-tops","7":"pa_size-38-40","8":"pa_size-42-44","9":"pa_size-46-48","10":"pa_size-50-52","11":"pa_size-54-56","12":"desktop-align-left","13":"tablet-align-left","14":"mobile-align-left","16":"first","17":"instock","18":"purchasable","19":"product-type-variable"},"_links":{"self":[{"href":"https:\/\/bellacloths.com\/index.php?rest_route=\/wp\/v2\/product\/2379","targetHints":{"allow":["GET"]}}],"collection":[{"href":"https:\/\/bellacloths.com\/index.php?rest_route=\/wp\/v2\/product"}],"about":[{"href":"https:\/\/bellacloths.com\/index.php?rest_route=\/wp\/v2\/types\/product"}],"replies":[{"embeddable":true,"href":"https:\/\/bellacloths.com\/index.php?rest_route=%2Fwp%2Fv2%2Fcomments&post=2379"}],"wp:featuredmedia":[{"embeddable":true,"href":"https:\/\/bellacloths.com\/index.php?rest_route=\/wp\/v2\/media\/1254"}],"wp:attachment":[{"href":"https:\/\/bellacloths.com\/index.php?rest_route=%2Fwp%2Fv2%2Fmedia&parent=2379"}],"wp:term":[{"taxonomy":"product_cat","embeddable":true,"href":"https:\/\/bellacloths.com\/index.php?rest_route=%2Fwp%2Fv2%2Fproduct_cat&post=2379"},{"taxonomy":"product_tag","embeddable":true,"href":"https:\/\/bellacloths.com\/index.php?rest_route=%2Fwp%2Fv2%2Fproduct_tag&post=2379"}],"curies":[{"name":"wp","href":"https:\/\/api.w.org\/{rel}","templated":true}]}}