{"id":2391,"date":"2023-03-20T16:29:58","date_gmt":"2023-03-20T16:29:58","guid":{"rendered":"https:\/\/bellacloths.com\/?product=liliane-chemise-m-1004"},"modified":"2023-03-20T16:30:51","modified_gmt":"2023-03-20T16:30:51","slug":"liliane-chemise-m-1004","status":"publish","type":"product","link":"https:\/\/bellacloths.com\/?product=liliane-chemise-m-1004","title":{"rendered":"Liliane Chemise M\/1004"},"content":{"rendered":"<p>Liliane Chemise von Andalea<br \/>Verlockendes Chemise, das Eleganz und Verf\u00fchrung geschickt kombiniert. Mit wundersch\u00f6ner Spitzenverzierung und breiten Tr\u00e4gern, die Unterseite ist schr\u00e4g geschnitten.<\/p>\n<p>Made in EU!<\/p>\n<p>Farbe: schwarz<br \/>Gr\u00f6\u00dfen: 38\/40, 42\/44, 46\/48, 50\/52, 54\/56<\/p>\n<p>Material: 63% Polyester, 31% Polyamid, 6% Elasthan<\/p>\n","protected":false},"excerpt":{"rendered":"<p>Liliane Chemise von AndaleaVerlockendes Chemise, das Eleganz und Verf\u00fchrung geschickt kombiniert. Mit wundersch\u00f6ner Spitzenverzierung und breiten Tr\u00e4gern, die Unterseite ist schr\u00e4g geschnitten. Made in EU! Farbe: schwarzGr\u00f6\u00dfen: 38\/40, 42\/44, 46\/48, 50\/52, 54\/56 Material: 63% Polyester, 31% Polyamid, 6% Elasthan<\/p>\n","protected":false},"featured_media":1268,"comment_status":"closed","ping_status":"open","template":"","meta":{"site-sidebar-layout":"default","site-content-layout":"default","ast-global-header-display":"","ast-main-header-display":"","ast-hfb-above-header-display":"","ast-hfb-below-header-display":"","ast-hfb-mobile-header-display":"","site-post-title":"","ast-breadcrumbs-content":"","ast-featured-img":"","footer-sml-layout":"","theme-transparent-header-meta":"","adv-header-id-meta":"","stick-header-meta":"","header-above-stick-meta":"","header-main-stick-meta":"","header-below-stick-meta":""},"product_cat":[41],"product_tag":[],"class_list":{"0":"post-2391","1":"product","2":"type-product","3":"status-publish","4":"has-post-thumbnail","6":"product_cat-babydolls-negligees","7":"pa_size-38-40","8":"pa_size-42-44","9":"pa_size-46-48","10":"pa_size-50-52","11":"pa_size-54-56","12":"desktop-align-left","13":"tablet-align-left","14":"mobile-align-left","16":"first","17":"instock","18":"purchasable","19":"product-type-variable"},"_links":{"self":[{"href":"https:\/\/bellacloths.com\/index.php?rest_route=\/wp\/v2\/product\/2391","targetHints":{"allow":["GET"]}}],"collection":[{"href":"https:\/\/bellacloths.com\/index.php?rest_route=\/wp\/v2\/product"}],"about":[{"href":"https:\/\/bellacloths.com\/index.php?rest_route=\/wp\/v2\/types\/product"}],"replies":[{"embeddable":true,"href":"https:\/\/bellacloths.com\/index.php?rest_route=%2Fwp%2Fv2%2Fcomments&post=2391"}],"wp:featuredmedia":[{"embeddable":true,"href":"https:\/\/bellacloths.com\/index.php?rest_route=\/wp\/v2\/media\/1268"}],"wp:attachment":[{"href":"https:\/\/bellacloths.com\/index.php?rest_route=%2Fwp%2Fv2%2Fmedia&parent=2391"}],"wp:term":[{"taxonomy":"product_cat","embeddable":true,"href":"https:\/\/bellacloths.com\/index.php?rest_route=%2Fwp%2Fv2%2Fproduct_cat&post=2391"},{"taxonomy":"product_tag","embeddable":true,"href":"https:\/\/bellacloths.com\/index.php?rest_route=%2Fwp%2Fv2%2Fproduct_tag&post=2391"}],"curies":[{"name":"wp","href":"https:\/\/api.w.org\/{rel}","templated":true}]}}