{"id":2428,"date":"2023-03-20T16:31:25","date_gmt":"2023-03-20T16:31:25","guid":{"rendered":"https:\/\/bellacloths.com\/?product=elephant-pink-string-mc-9030"},"modified":"2023-03-20T16:31:28","modified_gmt":"2023-03-20T16:31:28","slug":"elephant-pink-string-mc-9030","status":"publish","type":"product","link":"https:\/\/bellacloths.com\/?product=elephant-pink-string-mc-9030","title":{"rendered":"Elephant Pink String MC\/9030"},"content":{"rendered":"<p>Elephant Pink String von Andalea<br \/>Lustiger String im Elefanten-Look, das perfekte Geschenk f\u00fcr humorvolle Leute.<\/p>\n<p>Made in EU!<\/p>\n<p>Farbe: pink<br \/>Gr\u00f6\u00dfen: S\/M, L\/XL, XXL\/XXXL oder XXXXL\/XXXXXL<\/p>\n<p>Material: 88% Polyester, 12% Elasthan<\/p>\n","protected":false},"excerpt":{"rendered":"<p>Elephant Pink String von AndaleaLustiger String im Elefanten-Look, das perfekte Geschenk f\u00fcr humorvolle Leute. Made in EU! Farbe: pinkGr\u00f6\u00dfen: S\/M, L\/XL, XXL\/XXXL oder XXXXL\/XXXXXL Material: 88% Polyester, 12% Elasthan<\/p>\n","protected":false},"featured_media":1309,"comment_status":"closed","ping_status":"open","template":"","meta":{"site-sidebar-layout":"default","site-content-layout":"default","ast-global-header-display":"","ast-main-header-display":"","ast-hfb-above-header-display":"","ast-hfb-below-header-display":"","ast-hfb-mobile-header-display":"","site-post-title":"","ast-breadcrumbs-content":"","ast-featured-img":"","footer-sml-layout":"","theme-transparent-header-meta":"","adv-header-id-meta":"","stick-header-meta":"","header-above-stick-meta":"","header-main-stick-meta":"","header-below-stick-meta":""},"product_cat":[57],"product_tag":[],"class_list":{"0":"post-2428","1":"product","2":"type-product","3":"status-publish","4":"has-post-thumbnail","6":"product_cat-mens-collection","7":"pa_size-l-xl","8":"pa_size-s-m","9":"pa_size-2xl-3xl","10":"pa_size-4xl-5xl","11":"desktop-align-left","12":"tablet-align-left","13":"mobile-align-left","15":"first","16":"instock","17":"purchasable","18":"product-type-variable"},"_links":{"self":[{"href":"https:\/\/bellacloths.com\/index.php?rest_route=\/wp\/v2\/product\/2428","targetHints":{"allow":["GET"]}}],"collection":[{"href":"https:\/\/bellacloths.com\/index.php?rest_route=\/wp\/v2\/product"}],"about":[{"href":"https:\/\/bellacloths.com\/index.php?rest_route=\/wp\/v2\/types\/product"}],"replies":[{"embeddable":true,"href":"https:\/\/bellacloths.com\/index.php?rest_route=%2Fwp%2Fv2%2Fcomments&post=2428"}],"wp:featuredmedia":[{"embeddable":true,"href":"https:\/\/bellacloths.com\/index.php?rest_route=\/wp\/v2\/media\/1309"}],"wp:attachment":[{"href":"https:\/\/bellacloths.com\/index.php?rest_route=%2Fwp%2Fv2%2Fmedia&parent=2428"}],"wp:term":[{"taxonomy":"product_cat","embeddable":true,"href":"https:\/\/bellacloths.com\/index.php?rest_route=%2Fwp%2Fv2%2Fproduct_cat&post=2428"},{"taxonomy":"product_tag","embeddable":true,"href":"https:\/\/bellacloths.com\/index.php?rest_route=%2Fwp%2Fv2%2Fproduct_tag&post=2428"}],"curies":[{"name":"wp","href":"https:\/\/api.w.org\/{rel}","templated":true}]}}