{"id":2433,"date":"2023-03-20T16:31:27","date_gmt":"2023-03-20T16:31:27","guid":{"rendered":"https:\/\/bellacloths.com\/?product=bodystocking-cr3525"},"modified":"2023-03-20T16:31:33","modified_gmt":"2023-03-20T16:31:33","slug":"bodystocking-cr3525","status":"publish","type":"product","link":"https:\/\/bellacloths.com\/?product=bodystocking-cr3525","title":{"rendered":"Bodystocking CR3525"},"content":{"rendered":"<p>Bodystocking &#8220;CR3525&#8221; von Chilirose<br \/>Schwarzer Bodystocking aus elastischem Material mit gro\u00dfen Ausschnitten vorn, offenem Schritt und ansprechender Blumenverzierung.<\/p>\n<p>Farbe: schwarz<br \/>Gr\u00f6\u00dfe: S\/M one-size<\/p>\n<p>Material: 80% Nylon, 20% Elasthan<\/p>\n","protected":false},"excerpt":{"rendered":"<p>Bodystocking &#8220;CR3525&#8221; von ChiliroseSchwarzer Bodystocking aus elastischem Material mit gro\u00dfen Ausschnitten vorn, offenem Schritt und ansprechender Blumenverzierung. Farbe: schwarzGr\u00f6\u00dfe: S\/M one-size Material: 80% Nylon, 20% Elasthan<\/p>\n","protected":false},"featured_media":1315,"comment_status":"closed","ping_status":"open","template":"","meta":{"site-sidebar-layout":"default","site-content-layout":"default","ast-global-header-display":"","ast-main-header-display":"","ast-hfb-above-header-display":"","ast-hfb-below-header-display":"","ast-hfb-mobile-header-display":"","site-post-title":"","ast-breadcrumbs-content":"","ast-featured-img":"","footer-sml-layout":"","theme-transparent-header-meta":"","adv-header-id-meta":"","stick-header-meta":"","header-above-stick-meta":"","header-main-stick-meta":"","header-below-stick-meta":""},"product_cat":[28],"product_tag":[],"class_list":{"0":"post-2433","1":"product","2":"type-product","3":"status-publish","4":"has-post-thumbnail","6":"product_cat-bodies-catsuits","7":"desktop-align-left","8":"tablet-align-left","9":"mobile-align-left","11":"first","12":"instock","13":"purchasable","14":"product-type-simple"},"_links":{"self":[{"href":"https:\/\/bellacloths.com\/index.php?rest_route=\/wp\/v2\/product\/2433","targetHints":{"allow":["GET"]}}],"collection":[{"href":"https:\/\/bellacloths.com\/index.php?rest_route=\/wp\/v2\/product"}],"about":[{"href":"https:\/\/bellacloths.com\/index.php?rest_route=\/wp\/v2\/types\/product"}],"replies":[{"embeddable":true,"href":"https:\/\/bellacloths.com\/index.php?rest_route=%2Fwp%2Fv2%2Fcomments&post=2433"}],"wp:featuredmedia":[{"embeddable":true,"href":"https:\/\/bellacloths.com\/index.php?rest_route=\/wp\/v2\/media\/1315"}],"wp:attachment":[{"href":"https:\/\/bellacloths.com\/index.php?rest_route=%2Fwp%2Fv2%2Fmedia&parent=2433"}],"wp:term":[{"taxonomy":"product_cat","embeddable":true,"href":"https:\/\/bellacloths.com\/index.php?rest_route=%2Fwp%2Fv2%2Fproduct_cat&post=2433"},{"taxonomy":"product_tag","embeddable":true,"href":"https:\/\/bellacloths.com\/index.php?rest_route=%2Fwp%2Fv2%2Fproduct_tag&post=2433"}],"curies":[{"name":"wp","href":"https:\/\/api.w.org\/{rel}","templated":true}]}}