{"id":2449,"date":"2023-03-20T16:32:22","date_gmt":"2023-03-20T16:32:22","guid":{"rendered":"https:\/\/bellacloths.com\/?product=corsage-rock-cr3546"},"modified":"2023-03-20T16:33:08","modified_gmt":"2023-03-20T16:33:08","slug":"corsage-rock-cr3546","status":"publish","type":"product","link":"https:\/\/bellacloths.com\/?product=corsage-rock-cr3546","title":{"rendered":"Corsage + Rock CR3546"},"content":{"rendered":"<p>Corsage + Rock CR3546 mit Nieten von Chilirose<br \/>Exklusive und hochwertige Corsage mit passendem Rock aus schwarzem Kunstleder und besetzt mit sexy Nieten in silber. Die Corsage ist mit einem hochwertigen Frontrei\u00dfverschluss in schwarz und einer sch\u00f6nen R\u00fcckenschn\u00fcrung versehen.<\/p>\n<p>Farbe: schwarz<br \/>Gr\u00f6\u00dfen: S, M, L, XL<\/p>\n<p>Gr. S = Unterbrust 70-74 cm ( Cups B-D) Taille 64-72 cm<br \/>Gr. M = Unterbrust 74-78 cm (Cups B-D) Taille 66-74 cm<br \/>Gr. L = Unterbrust 79-83 cm (Cups B-D) Taille 70-78 cm<br \/>Gr. XL = Unterbrust 84-88 cm (Cups B-D) Taille 76-84 cm<\/p>\n<p>Material : 60% Polyurethan, 20% Polyester, 20% Elasthan<\/p>\n","protected":false},"excerpt":{"rendered":"<p>Corsage + Rock CR3546 mit Nieten von ChiliroseExklusive und hochwertige Corsage mit passendem Rock aus schwarzem Kunstleder und besetzt mit sexy Nieten in silber. Die Corsage ist mit einem hochwertigen Frontrei\u00dfverschluss in schwarz und einer sch\u00f6nen R\u00fcckenschn\u00fcrung versehen. Farbe: schwarzGr\u00f6\u00dfen: S, M, L, XL Gr. S = Unterbrust 70-74 cm ( Cups B-D) Taille 64-72 &hellip;<\/p>\n<p class=\"read-more\"> <a class=\"\" href=\"https:\/\/bellacloths.com\/?product=corsage-rock-cr3546\"> <span class=\"screen-reader-text\">Corsage + Rock CR3546<\/span> Read More &raquo;<\/a><\/p>\n","protected":false},"featured_media":1327,"comment_status":"closed","ping_status":"open","template":"","meta":{"site-sidebar-layout":"default","site-content-layout":"default","ast-global-header-display":"","ast-main-header-display":"","ast-hfb-above-header-display":"","ast-hfb-below-header-display":"","ast-hfb-mobile-header-display":"","site-post-title":"","ast-breadcrumbs-content":"","ast-featured-img":"","footer-sml-layout":"","theme-transparent-header-meta":"","adv-header-id-meta":"","stick-header-meta":"","header-above-stick-meta":"","header-main-stick-meta":"","header-below-stick-meta":""},"product_cat":[56],"product_tag":[],"class_list":{"0":"post-2449","1":"product","2":"type-product","3":"status-publish","4":"has-post-thumbnail","6":"product_cat-corsagen","7":"pa_size-xl","8":"pa_size-l","9":"pa_size-m","10":"pa_size-s","11":"desktop-align-left","12":"tablet-align-left","13":"mobile-align-left","15":"first","16":"instock","17":"purchasable","18":"product-type-variable"},"_links":{"self":[{"href":"https:\/\/bellacloths.com\/index.php?rest_route=\/wp\/v2\/product\/2449","targetHints":{"allow":["GET"]}}],"collection":[{"href":"https:\/\/bellacloths.com\/index.php?rest_route=\/wp\/v2\/product"}],"about":[{"href":"https:\/\/bellacloths.com\/index.php?rest_route=\/wp\/v2\/types\/product"}],"replies":[{"embeddable":true,"href":"https:\/\/bellacloths.com\/index.php?rest_route=%2Fwp%2Fv2%2Fcomments&post=2449"}],"wp:featuredmedia":[{"embeddable":true,"href":"https:\/\/bellacloths.com\/index.php?rest_route=\/wp\/v2\/media\/1327"}],"wp:attachment":[{"href":"https:\/\/bellacloths.com\/index.php?rest_route=%2Fwp%2Fv2%2Fmedia&parent=2449"}],"wp:term":[{"taxonomy":"product_cat","embeddable":true,"href":"https:\/\/bellacloths.com\/index.php?rest_route=%2Fwp%2Fv2%2Fproduct_cat&post=2449"},{"taxonomy":"product_tag","embeddable":true,"href":"https:\/\/bellacloths.com\/index.php?rest_route=%2Fwp%2Fv2%2Fproduct_tag&post=2449"}],"curies":[{"name":"wp","href":"https:\/\/api.w.org\/{rel}","templated":true}]}}