{"id":2455,"date":"2023-03-20T16:32:59","date_gmt":"2023-03-20T16:32:59","guid":{"rendered":"https:\/\/bellacloths.com\/?product=schooly-kostum"},"modified":"2023-03-20T16:33:36","modified_gmt":"2023-03-20T16:33:36","slug":"schooly-kostum","status":"publish","type":"product","link":"https:\/\/bellacloths.com\/?product=schooly-kostum","title":{"rendered":"Schooly Kost\u00fcm"},"content":{"rendered":"<p>5-teiliges &#8220;Schooly&#8221; Schulm\u00e4dchen-Outfit<br \/>Verf\u00fchrerisches Schulm\u00e4dchen-Outfit mit tiefem Dekolletee und Hakenverschluss am R\u00fccken. Das Oberteil ist mit einem Kragen mit Schottenmuster verziert. Ein sexy Minirock mit G\u00fcrtel, ein passender Tanga, zwei s\u00fc\u00dfe Haarb\u00e4nder mit Schleifen und wei\u00dfe Str\u00fcmpfe sind im Lieferumfang enthalten. Aus weichem und elastischem Material.<\/p>\n<p>Farben: Schottenmuster\/wei\u00df<br \/>Gr\u00f6\u00dfen: S\/M oder L\/XL<\/p>\n<p>Material: 89% Polyester, 11% Elasthan<\/p>\n","protected":false},"excerpt":{"rendered":"<p>5-teiliges &#8220;Schooly&#8221; Schulm\u00e4dchen-OutfitVerf\u00fchrerisches Schulm\u00e4dchen-Outfit mit tiefem Dekolletee und Hakenverschluss am R\u00fccken. Das Oberteil ist mit einem Kragen mit Schottenmuster verziert. Ein sexy Minirock mit G\u00fcrtel, ein passender Tanga, zwei s\u00fc\u00dfe Haarb\u00e4nder mit Schleifen und wei\u00dfe Str\u00fcmpfe sind im Lieferumfang enthalten. Aus weichem und elastischem Material. Farben: Schottenmuster\/wei\u00dfGr\u00f6\u00dfen: S\/M oder L\/XL Material: 89% Polyester, 11% Elasthan<\/p>\n","protected":false},"featured_media":1333,"comment_status":"closed","ping_status":"open","template":"","meta":{"site-sidebar-layout":"default","site-content-layout":"default","ast-global-header-display":"","ast-main-header-display":"","ast-hfb-above-header-display":"","ast-hfb-below-header-display":"","ast-hfb-mobile-header-display":"","site-post-title":"","ast-breadcrumbs-content":"","ast-featured-img":"","footer-sml-layout":"","theme-transparent-header-meta":"","adv-header-id-meta":"","stick-header-meta":"","header-above-stick-meta":"","header-main-stick-meta":"","header-below-stick-meta":""},"product_cat":[39],"product_tag":[],"class_list":{"0":"post-2455","1":"product","2":"type-product","3":"status-publish","4":"has-post-thumbnail","6":"product_cat-outfits-kostume","7":"pa_size-l-xl","8":"pa_size-s-m","9":"desktop-align-left","10":"tablet-align-left","11":"mobile-align-left","13":"first","14":"instock","15":"purchasable","16":"product-type-variable"},"_links":{"self":[{"href":"https:\/\/bellacloths.com\/index.php?rest_route=\/wp\/v2\/product\/2455","targetHints":{"allow":["GET"]}}],"collection":[{"href":"https:\/\/bellacloths.com\/index.php?rest_route=\/wp\/v2\/product"}],"about":[{"href":"https:\/\/bellacloths.com\/index.php?rest_route=\/wp\/v2\/types\/product"}],"replies":[{"embeddable":true,"href":"https:\/\/bellacloths.com\/index.php?rest_route=%2Fwp%2Fv2%2Fcomments&post=2455"}],"wp:featuredmedia":[{"embeddable":true,"href":"https:\/\/bellacloths.com\/index.php?rest_route=\/wp\/v2\/media\/1333"}],"wp:attachment":[{"href":"https:\/\/bellacloths.com\/index.php?rest_route=%2Fwp%2Fv2%2Fmedia&parent=2455"}],"wp:term":[{"taxonomy":"product_cat","embeddable":true,"href":"https:\/\/bellacloths.com\/index.php?rest_route=%2Fwp%2Fv2%2Fproduct_cat&post=2455"},{"taxonomy":"product_tag","embeddable":true,"href":"https:\/\/bellacloths.com\/index.php?rest_route=%2Fwp%2Fv2%2Fproduct_tag&post=2455"}],"curies":[{"name":"wp","href":"https:\/\/api.w.org\/{rel}","templated":true}]}}