{"id":2463,"date":"2023-03-20T16:33:09","date_gmt":"2023-03-20T16:33:09","guid":{"rendered":"https:\/\/bellacloths.com\/?product=babydoll-string-schwarz-rot-cr3170"},"modified":"2023-03-20T16:33:36","modified_gmt":"2023-03-20T16:33:36","slug":"babydoll-string-schwarz-rot-cr3170","status":"publish","type":"product","link":"https:\/\/bellacloths.com\/?product=babydoll-string-schwarz-rot-cr3170","title":{"rendered":"Babydoll + String schwarz\/rot CR3170"},"content":{"rendered":"<p>CR3170 Babydoll + String schwarz mit roten Punkten<br \/>Das zeitloseste und klassischste Sch\u00f6nheitsmerkmal sind die Br\u00fcste der Frau. In diesem sch\u00f6nen Babydoll k\u00f6nnen Sie Ihre Brust pr\u00e4sentieren und sehen brilliant darin aus. Verzaubern Sie ihn noch heute, denn dieses brandneue Kleidchen von Chilirose sollte in keiner Garderobe fehlen! Schwarzes und durchscheinendes Babydoll mit s\u00fc\u00dfen, roten Punkten, die der leidenschaftlichen Nacht mit Ihrem Lover noch mehr Charme und Glamour verleihen werden. Passender String inklusive.<\/p>\n<p>Farben: schwarz\/rot<br \/>Gr\u00f6\u00dfen: S\/M oder L\/XL<\/p>\n<p>Material: 90% Polyester, 10% Elasthan<\/p>\n","protected":false},"excerpt":{"rendered":"<p>CR3170 Babydoll + String schwarz mit roten PunktenDas zeitloseste und klassischste Sch\u00f6nheitsmerkmal sind die Br\u00fcste der Frau. In diesem sch\u00f6nen Babydoll k\u00f6nnen Sie Ihre Brust pr\u00e4sentieren und sehen brilliant darin aus. Verzaubern Sie ihn noch heute, denn dieses brandneue Kleidchen von Chilirose sollte in keiner Garderobe fehlen! Schwarzes und durchscheinendes Babydoll mit s\u00fc\u00dfen, roten Punkten, &hellip;<\/p>\n<p class=\"read-more\"> <a class=\"\" href=\"https:\/\/bellacloths.com\/?product=babydoll-string-schwarz-rot-cr3170\"> <span class=\"screen-reader-text\">Babydoll + String schwarz\/rot CR3170<\/span> Read More &raquo;<\/a><\/p>\n","protected":false},"featured_media":1337,"comment_status":"closed","ping_status":"open","template":"","meta":{"site-sidebar-layout":"default","site-content-layout":"default","ast-global-header-display":"","ast-main-header-display":"","ast-hfb-above-header-display":"","ast-hfb-below-header-display":"","ast-hfb-mobile-header-display":"","site-post-title":"","ast-breadcrumbs-content":"","ast-featured-img":"","footer-sml-layout":"","theme-transparent-header-meta":"","adv-header-id-meta":"","stick-header-meta":"","header-above-stick-meta":"","header-main-stick-meta":"","header-below-stick-meta":""},"product_cat":[41],"product_tag":[],"class_list":{"0":"post-2463","1":"product","2":"type-product","3":"status-publish","4":"has-post-thumbnail","6":"product_cat-babydolls-negligees","7":"pa_size-l-xl","8":"pa_size-s-m","9":"desktop-align-left","10":"tablet-align-left","11":"mobile-align-left","13":"first","14":"instock","15":"purchasable","16":"product-type-variable"},"_links":{"self":[{"href":"https:\/\/bellacloths.com\/index.php?rest_route=\/wp\/v2\/product\/2463","targetHints":{"allow":["GET"]}}],"collection":[{"href":"https:\/\/bellacloths.com\/index.php?rest_route=\/wp\/v2\/product"}],"about":[{"href":"https:\/\/bellacloths.com\/index.php?rest_route=\/wp\/v2\/types\/product"}],"replies":[{"embeddable":true,"href":"https:\/\/bellacloths.com\/index.php?rest_route=%2Fwp%2Fv2%2Fcomments&post=2463"}],"wp:featuredmedia":[{"embeddable":true,"href":"https:\/\/bellacloths.com\/index.php?rest_route=\/wp\/v2\/media\/1337"}],"wp:attachment":[{"href":"https:\/\/bellacloths.com\/index.php?rest_route=%2Fwp%2Fv2%2Fmedia&parent=2463"}],"wp:term":[{"taxonomy":"product_cat","embeddable":true,"href":"https:\/\/bellacloths.com\/index.php?rest_route=%2Fwp%2Fv2%2Fproduct_cat&post=2463"},{"taxonomy":"product_tag","embeddable":true,"href":"https:\/\/bellacloths.com\/index.php?rest_route=%2Fwp%2Fv2%2Fproduct_tag&post=2463"}],"curies":[{"name":"wp","href":"https:\/\/api.w.org\/{rel}","templated":true}]}}