{"id":2502,"date":"2023-03-20T16:34:51","date_gmt":"2023-03-20T16:34:51","guid":{"rendered":"https:\/\/bellacloths.com\/?product=chemise-m-1001"},"modified":"2023-03-20T16:35:26","modified_gmt":"2023-03-20T16:35:26","slug":"chemise-m-1001","status":"publish","type":"product","link":"https:\/\/bellacloths.com\/?product=chemise-m-1001","title":{"rendered":"Chemise M\/1001"},"content":{"rendered":"<p>Schwarzes Chemise M\/1001 von Andalea<br \/>Zartes Chemise mit verstellbaren Tr\u00e4gern aus T\u00fcllmaterial mit transparenter Spitze an Br\u00fcsten und Bauch sowie klassischem Volant am Saum. Inklusive passende Panty.<\/p>\n<p>Made in EU!<\/p>\n<p>Farbe: schwarz<br \/>Gr\u00f6\u00dfen: 38\/40, 42\/44, 46\/48, 50\/52, 54\/56<\/p>\n<p>Material: 63% Polyester, 31% Polyamid, 6% Elasthan<\/p>\n","protected":false},"excerpt":{"rendered":"<p>Schwarzes Chemise M\/1001 von AndaleaZartes Chemise mit verstellbaren Tr\u00e4gern aus T\u00fcllmaterial mit transparenter Spitze an Br\u00fcsten und Bauch sowie klassischem Volant am Saum. Inklusive passende Panty. Made in EU! Farbe: schwarzGr\u00f6\u00dfen: 38\/40, 42\/44, 46\/48, 50\/52, 54\/56 Material: 63% Polyester, 31% Polyamid, 6% Elasthan<\/p>\n","protected":false},"featured_media":1368,"comment_status":"closed","ping_status":"open","template":"","meta":{"site-sidebar-layout":"default","site-content-layout":"default","ast-global-header-display":"","ast-main-header-display":"","ast-hfb-above-header-display":"","ast-hfb-below-header-display":"","ast-hfb-mobile-header-display":"","site-post-title":"","ast-breadcrumbs-content":"","ast-featured-img":"","footer-sml-layout":"","theme-transparent-header-meta":"","adv-header-id-meta":"","stick-header-meta":"","header-above-stick-meta":"","header-main-stick-meta":"","header-below-stick-meta":""},"product_cat":[41],"product_tag":[],"class_list":{"0":"post-2502","1":"product","2":"type-product","3":"status-publish","4":"has-post-thumbnail","6":"product_cat-babydolls-negligees","7":"pa_size-38-40","8":"pa_size-42-44","9":"pa_size-46-48","10":"pa_size-50-52","11":"pa_size-54-56","12":"desktop-align-left","13":"tablet-align-left","14":"mobile-align-left","16":"first","17":"instock","18":"purchasable","19":"product-type-variable"},"_links":{"self":[{"href":"https:\/\/bellacloths.com\/index.php?rest_route=\/wp\/v2\/product\/2502","targetHints":{"allow":["GET"]}}],"collection":[{"href":"https:\/\/bellacloths.com\/index.php?rest_route=\/wp\/v2\/product"}],"about":[{"href":"https:\/\/bellacloths.com\/index.php?rest_route=\/wp\/v2\/types\/product"}],"replies":[{"embeddable":true,"href":"https:\/\/bellacloths.com\/index.php?rest_route=%2Fwp%2Fv2%2Fcomments&post=2502"}],"wp:featuredmedia":[{"embeddable":true,"href":"https:\/\/bellacloths.com\/index.php?rest_route=\/wp\/v2\/media\/1368"}],"wp:attachment":[{"href":"https:\/\/bellacloths.com\/index.php?rest_route=%2Fwp%2Fv2%2Fmedia&parent=2502"}],"wp:term":[{"taxonomy":"product_cat","embeddable":true,"href":"https:\/\/bellacloths.com\/index.php?rest_route=%2Fwp%2Fv2%2Fproduct_cat&post=2502"},{"taxonomy":"product_tag","embeddable":true,"href":"https:\/\/bellacloths.com\/index.php?rest_route=%2Fwp%2Fv2%2Fproduct_tag&post=2502"}],"curies":[{"name":"wp","href":"https:\/\/api.w.org\/{rel}","templated":true}]}}