{"id":2540,"date":"2023-03-20T16:36:27","date_gmt":"2023-03-20T16:36:27","guid":{"rendered":"https:\/\/bellacloths.com\/?product=babydoll-string-cr3193-rot"},"modified":"2023-03-20T16:36:29","modified_gmt":"2023-03-20T16:36:29","slug":"babydoll-string-cr3193-rot","status":"publish","type":"product","link":"https:\/\/bellacloths.com\/?product=babydoll-string-cr3193-rot","title":{"rendered":"Babydoll + String CR3193 rot"},"content":{"rendered":"<p>Babydoll + String CR3193 rot von Chilirose<br \/>\u00dcberraschen Sie Ihren Mann und hei\u00dfen Sie ihn doch einmal in diesem sexy Babydoll willkommen. Sie werden aussehen wie ein Cocktail aus Chili und Tequila &#8211; scharf und knackig. Dieses Outfit wird ein au\u00dfergew\u00f6hnlicher Leckerbissen f\u00fcr Ihren Mann sein. Dieses wundersch\u00f6ne Kleidchen ist aus rotem und durchscheinendem Material mit feinster Spitze gefertigt. Der Neckholder erlaubt einen offeneren Blick auf die Schultern und der sexy Schnitt in der Mitte enth\u00fcllt Ihren erotischen K\u00f6rper. Ein passender String ist im Lieferumfang enthalten.<\/p>\n<p>Farbe: rot<br \/>Gr\u00f6\u00dfe: S\/M one-size<\/p>\n<p>Material: 90% Polyester, 10% Elasthan<\/p>\n","protected":false},"excerpt":{"rendered":"<p>Babydoll + String CR3193 rot von Chilirose\u00dcberraschen Sie Ihren Mann und hei\u00dfen Sie ihn doch einmal in diesem sexy Babydoll willkommen. Sie werden aussehen wie ein Cocktail aus Chili und Tequila &#8211; scharf und knackig. Dieses Outfit wird ein au\u00dfergew\u00f6hnlicher Leckerbissen f\u00fcr Ihren Mann sein. Dieses wundersch\u00f6ne Kleidchen ist aus rotem und durchscheinendem Material mit &hellip;<\/p>\n<p class=\"read-more\"> <a class=\"\" href=\"https:\/\/bellacloths.com\/?product=babydoll-string-cr3193-rot\"> <span class=\"screen-reader-text\">Babydoll + String CR3193 rot<\/span> Read More &raquo;<\/a><\/p>\n","protected":false},"featured_media":2541,"comment_status":"closed","ping_status":"open","template":"","meta":{"site-sidebar-layout":"default","site-content-layout":"default","ast-global-header-display":"","ast-main-header-display":"","ast-hfb-above-header-display":"","ast-hfb-below-header-display":"","ast-hfb-mobile-header-display":"","site-post-title":"","ast-breadcrumbs-content":"","ast-featured-img":"","footer-sml-layout":"","theme-transparent-header-meta":"","adv-header-id-meta":"","stick-header-meta":"","header-above-stick-meta":"","header-main-stick-meta":"","header-below-stick-meta":""},"product_cat":[41],"product_tag":[],"class_list":{"0":"post-2540","1":"product","2":"type-product","3":"status-publish","4":"has-post-thumbnail","6":"product_cat-babydolls-negligees","7":"desktop-align-left","8":"tablet-align-left","9":"mobile-align-left","11":"first","12":"instock","13":"purchasable","14":"product-type-simple"},"_links":{"self":[{"href":"https:\/\/bellacloths.com\/index.php?rest_route=\/wp\/v2\/product\/2540","targetHints":{"allow":["GET"]}}],"collection":[{"href":"https:\/\/bellacloths.com\/index.php?rest_route=\/wp\/v2\/product"}],"about":[{"href":"https:\/\/bellacloths.com\/index.php?rest_route=\/wp\/v2\/types\/product"}],"replies":[{"embeddable":true,"href":"https:\/\/bellacloths.com\/index.php?rest_route=%2Fwp%2Fv2%2Fcomments&post=2540"}],"wp:featuredmedia":[{"embeddable":true,"href":"https:\/\/bellacloths.com\/index.php?rest_route=\/wp\/v2\/media\/2541"}],"wp:attachment":[{"href":"https:\/\/bellacloths.com\/index.php?rest_route=%2Fwp%2Fv2%2Fmedia&parent=2540"}],"wp:term":[{"taxonomy":"product_cat","embeddable":true,"href":"https:\/\/bellacloths.com\/index.php?rest_route=%2Fwp%2Fv2%2Fproduct_cat&post=2540"},{"taxonomy":"product_tag","embeddable":true,"href":"https:\/\/bellacloths.com\/index.php?rest_route=%2Fwp%2Fv2%2Fproduct_tag&post=2540"}],"curies":[{"name":"wp","href":"https:\/\/api.w.org\/{rel}","templated":true}]}}