{"id":2656,"date":"2023-03-20T16:41:22","date_gmt":"2023-03-20T16:41:22","guid":{"rendered":"https:\/\/bellacloths.com\/?product=boxershorts-schwarz-mc-9005"},"modified":"2023-03-20T16:42:05","modified_gmt":"2023-03-20T16:42:05","slug":"boxershorts-schwarz-mc-9005","status":"publish","type":"product","link":"https:\/\/bellacloths.com\/?product=boxershorts-schwarz-mc-9005","title":{"rendered":"Boxershorts schwarz MC\/9005"},"content":{"rendered":"<p>MC\/9005 Boxershorts schwarz von Andalea<br \/>Schwarze Boxershorts aus Baumwolle mit Rei\u00dfverschluss auf der Vorderseite. Passt sich perfekt dem K\u00f6rper an!<\/p>\n<p>Made in EU!<\/p>\n<p>Farbe: schwarz<br \/>Gr\u00f6\u00dfen: S\/M, L\/XL, XXL\/XXXL oder XXXXL\/XXXXXL<\/p>\n<p>Material: 92% Baumwolle, 8% Elasthan<\/p>\n","protected":false},"excerpt":{"rendered":"<p>MC\/9005 Boxershorts schwarz von AndaleaSchwarze Boxershorts aus Baumwolle mit Rei\u00dfverschluss auf der Vorderseite. Passt sich perfekt dem K\u00f6rper an! Made in EU! Farbe: schwarzGr\u00f6\u00dfen: S\/M, L\/XL, XXL\/XXXL oder XXXXL\/XXXXXL Material: 92% Baumwolle, 8% Elasthan<\/p>\n","protected":false},"featured_media":2657,"comment_status":"closed","ping_status":"open","template":"","meta":{"site-sidebar-layout":"default","site-content-layout":"default","ast-global-header-display":"","ast-main-header-display":"","ast-hfb-above-header-display":"","ast-hfb-below-header-display":"","ast-hfb-mobile-header-display":"","site-post-title":"","ast-breadcrumbs-content":"","ast-featured-img":"","footer-sml-layout":"","theme-transparent-header-meta":"","adv-header-id-meta":"","stick-header-meta":"","header-above-stick-meta":"","header-main-stick-meta":"","header-below-stick-meta":""},"product_cat":[57],"product_tag":[],"class_list":{"0":"post-2656","1":"product","2":"type-product","3":"status-publish","4":"has-post-thumbnail","6":"product_cat-mens-collection","7":"pa_size-l-xl","8":"pa_size-s-m","9":"pa_size-2xl-3xl","10":"pa_size-4xl-5xl","11":"desktop-align-left","12":"tablet-align-left","13":"mobile-align-left","15":"first","16":"instock","17":"purchasable","18":"product-type-variable"},"_links":{"self":[{"href":"https:\/\/bellacloths.com\/index.php?rest_route=\/wp\/v2\/product\/2656","targetHints":{"allow":["GET"]}}],"collection":[{"href":"https:\/\/bellacloths.com\/index.php?rest_route=\/wp\/v2\/product"}],"about":[{"href":"https:\/\/bellacloths.com\/index.php?rest_route=\/wp\/v2\/types\/product"}],"replies":[{"embeddable":true,"href":"https:\/\/bellacloths.com\/index.php?rest_route=%2Fwp%2Fv2%2Fcomments&post=2656"}],"wp:featuredmedia":[{"embeddable":true,"href":"https:\/\/bellacloths.com\/index.php?rest_route=\/wp\/v2\/media\/2657"}],"wp:attachment":[{"href":"https:\/\/bellacloths.com\/index.php?rest_route=%2Fwp%2Fv2%2Fmedia&parent=2656"}],"wp:term":[{"taxonomy":"product_cat","embeddable":true,"href":"https:\/\/bellacloths.com\/index.php?rest_route=%2Fwp%2Fv2%2Fproduct_cat&post=2656"},{"taxonomy":"product_tag","embeddable":true,"href":"https:\/\/bellacloths.com\/index.php?rest_route=%2Fwp%2Fv2%2Fproduct_tag&post=2656"}],"curies":[{"name":"wp","href":"https:\/\/api.w.org\/{rel}","templated":true}]}}