{"id":2713,"date":"2023-03-20T16:44:25","date_gmt":"2023-03-20T16:44:25","guid":{"rendered":"https:\/\/bellacloths.com\/?product=set-mc-9042"},"modified":"2023-03-20T16:45:28","modified_gmt":"2023-03-20T16:45:28","slug":"set-mc-9042","status":"publish","type":"product","link":"https:\/\/bellacloths.com\/?product=set-mc-9042","title":{"rendered":"Set MC\/9042"},"content":{"rendered":"<p>MC\/9042 Set von Andalea<br \/>3-teiliges Set: Boxershorts, Kragen und Manschetten. Boxershorts mit Rei\u00dfverschluss\u00f6ffnung auf der Vorderseite. Das gesamte Set kombiniert schwarzes, transparentes Material und wei\u00dfes Wet-Look-Material.<\/p>\n<p>Made in EU!<\/p>\n<p>Farben: schwarz\/wei\u00df<br \/>Gr\u00f6\u00dfen: S\/M, L\/XL, XXL\/XXXL oder XXXXL\/XXXXXL<\/p>\n<p>Material: 45% Polyester, 45% Polyamid, 10% Elasthan<\/p>\n","protected":false},"excerpt":{"rendered":"<p>MC\/9042 Set von Andalea3-teiliges Set: Boxershorts, Kragen und Manschetten. Boxershorts mit Rei\u00dfverschluss\u00f6ffnung auf der Vorderseite. Das gesamte Set kombiniert schwarzes, transparentes Material und wei\u00dfes Wet-Look-Material. Made in EU! Farben: schwarz\/wei\u00dfGr\u00f6\u00dfen: S\/M, L\/XL, XXL\/XXXL oder XXXXL\/XXXXXL Material: 45% Polyester, 45% Polyamid, 10% Elasthan<\/p>\n","protected":false},"featured_media":2714,"comment_status":"closed","ping_status":"open","template":"","meta":{"site-sidebar-layout":"default","site-content-layout":"default","ast-global-header-display":"","ast-main-header-display":"","ast-hfb-above-header-display":"","ast-hfb-below-header-display":"","ast-hfb-mobile-header-display":"","site-post-title":"","ast-breadcrumbs-content":"","ast-featured-img":"","footer-sml-layout":"","theme-transparent-header-meta":"","adv-header-id-meta":"","stick-header-meta":"","header-above-stick-meta":"","header-main-stick-meta":"","header-below-stick-meta":""},"product_cat":[57],"product_tag":[],"class_list":{"0":"post-2713","1":"product","2":"type-product","3":"status-publish","4":"has-post-thumbnail","6":"product_cat-mens-collection","7":"pa_size-l-xl","8":"pa_size-s-m","9":"pa_size-2xl-3xl","10":"pa_size-4xl-5xl","11":"desktop-align-left","12":"tablet-align-left","13":"mobile-align-left","15":"first","16":"instock","17":"purchasable","18":"product-type-variable"},"_links":{"self":[{"href":"https:\/\/bellacloths.com\/index.php?rest_route=\/wp\/v2\/product\/2713","targetHints":{"allow":["GET"]}}],"collection":[{"href":"https:\/\/bellacloths.com\/index.php?rest_route=\/wp\/v2\/product"}],"about":[{"href":"https:\/\/bellacloths.com\/index.php?rest_route=\/wp\/v2\/types\/product"}],"replies":[{"embeddable":true,"href":"https:\/\/bellacloths.com\/index.php?rest_route=%2Fwp%2Fv2%2Fcomments&post=2713"}],"wp:featuredmedia":[{"embeddable":true,"href":"https:\/\/bellacloths.com\/index.php?rest_route=\/wp\/v2\/media\/2714"}],"wp:attachment":[{"href":"https:\/\/bellacloths.com\/index.php?rest_route=%2Fwp%2Fv2%2Fmedia&parent=2713"}],"wp:term":[{"taxonomy":"product_cat","embeddable":true,"href":"https:\/\/bellacloths.com\/index.php?rest_route=%2Fwp%2Fv2%2Fproduct_cat&post=2713"},{"taxonomy":"product_tag","embeddable":true,"href":"https:\/\/bellacloths.com\/index.php?rest_route=%2Fwp%2Fv2%2Fproduct_tag&post=2713"}],"curies":[{"name":"wp","href":"https:\/\/api.w.org\/{rel}","templated":true}]}}