{"id":2725,"date":"2023-03-20T16:44:44","date_gmt":"2023-03-20T16:44:44","guid":{"rendered":"https:\/\/bellacloths.com\/?product=minikleid-cr3636"},"modified":"2023-03-20T16:45:09","modified_gmt":"2023-03-20T16:45:09","slug":"minikleid-cr3636","status":"publish","type":"product","link":"https:\/\/bellacloths.com\/?product=minikleid-cr3636","title":{"rendered":"Minikleid CR3636"},"content":{"rendered":"<p>Schwarzes Minikleid + Schmuck CR3636 von Chilirose<br \/>Elastisches Minikleid aus weichem Material, das sich an die Haut schmiegt. Mit sexy Dekolletee samt glitzerndem Schmuckelement und gro\u00dfz\u00fcgigem R\u00fcckenausschnitt.<\/p>\n<p>Made in EU!<\/p>\n<p>Farbe: schwarz<br \/>Gr\u00f6\u00dfe: S\/M one-size<\/p>\n<p>Material: 90% Polyester, 10% Elasthan<\/p>\n","protected":false},"excerpt":{"rendered":"<p>Schwarzes Minikleid + Schmuck CR3636 von ChiliroseElastisches Minikleid aus weichem Material, das sich an die Haut schmiegt. Mit sexy Dekolletee samt glitzerndem Schmuckelement und gro\u00dfz\u00fcgigem R\u00fcckenausschnitt. Made in EU! Farbe: schwarzGr\u00f6\u00dfe: S\/M one-size Material: 90% Polyester, 10% Elasthan<\/p>\n","protected":false},"featured_media":2726,"comment_status":"closed","ping_status":"open","template":"","meta":{"site-sidebar-layout":"default","site-content-layout":"default","ast-global-header-display":"","ast-main-header-display":"","ast-hfb-above-header-display":"","ast-hfb-below-header-display":"","ast-hfb-mobile-header-display":"","site-post-title":"","ast-breadcrumbs-content":"","ast-featured-img":"","footer-sml-layout":"","theme-transparent-header-meta":"","adv-header-id-meta":"","stick-header-meta":"","header-above-stick-meta":"","header-main-stick-meta":"","header-below-stick-meta":""},"product_cat":[40],"product_tag":[],"class_list":{"0":"post-2725","1":"product","2":"type-product","3":"status-publish","4":"has-post-thumbnail","6":"product_cat-kleider-tops","7":"desktop-align-left","8":"tablet-align-left","9":"mobile-align-left","11":"first","12":"instock","13":"purchasable","14":"product-type-simple"},"_links":{"self":[{"href":"https:\/\/bellacloths.com\/index.php?rest_route=\/wp\/v2\/product\/2725","targetHints":{"allow":["GET"]}}],"collection":[{"href":"https:\/\/bellacloths.com\/index.php?rest_route=\/wp\/v2\/product"}],"about":[{"href":"https:\/\/bellacloths.com\/index.php?rest_route=\/wp\/v2\/types\/product"}],"replies":[{"embeddable":true,"href":"https:\/\/bellacloths.com\/index.php?rest_route=%2Fwp%2Fv2%2Fcomments&post=2725"}],"wp:featuredmedia":[{"embeddable":true,"href":"https:\/\/bellacloths.com\/index.php?rest_route=\/wp\/v2\/media\/2726"}],"wp:attachment":[{"href":"https:\/\/bellacloths.com\/index.php?rest_route=%2Fwp%2Fv2%2Fmedia&parent=2725"}],"wp:term":[{"taxonomy":"product_cat","embeddable":true,"href":"https:\/\/bellacloths.com\/index.php?rest_route=%2Fwp%2Fv2%2Fproduct_cat&post=2725"},{"taxonomy":"product_tag","embeddable":true,"href":"https:\/\/bellacloths.com\/index.php?rest_route=%2Fwp%2Fv2%2Fproduct_tag&post=2725"}],"curies":[{"name":"wp","href":"https:\/\/api.w.org\/{rel}","templated":true}]}}