{"id":2759,"date":"2023-03-20T16:46:13","date_gmt":"2023-03-20T16:46:13","guid":{"rendered":"https:\/\/bellacloths.com\/?product=corsage-cr3564"},"modified":"2023-03-20T16:46:59","modified_gmt":"2023-03-20T16:46:59","slug":"corsage-cr3564","status":"publish","type":"product","link":"https:\/\/bellacloths.com\/?product=corsage-cr3564","title":{"rendered":"Corsage CR3564"},"content":{"rendered":"<p>Corsage CR3564 + String schwarz\/rot von Chilirose<br \/>Rot-schwarze Corsage aus halbtransparentem Mesh-Material mit Strumpfhaltern und passendem String sowie verstellbaren Tr\u00e4gern. Mit wundersch\u00f6ner, roter Spitzenverzierung an den B\u00fcgel-Cups und dem passenden String sowie s\u00fc\u00dfen, schwarzen Schleifen.<\/p>\n<p>Farben: rot\/schwarz<br \/>Gr\u00f6\u00dfen: S\/M oder L\/XL<\/p>\n<p>Material : 90% Polyester, 10% Elasthan<\/p>\n","protected":false},"excerpt":{"rendered":"<p>Corsage CR3564 + String schwarz\/rot von ChiliroseRot-schwarze Corsage aus halbtransparentem Mesh-Material mit Strumpfhaltern und passendem String sowie verstellbaren Tr\u00e4gern. Mit wundersch\u00f6ner, roter Spitzenverzierung an den B\u00fcgel-Cups und dem passenden String sowie s\u00fc\u00dfen, schwarzen Schleifen. Farben: rot\/schwarzGr\u00f6\u00dfen: S\/M oder L\/XL Material : 90% Polyester, 10% Elasthan<\/p>\n","protected":false},"featured_media":2760,"comment_status":"closed","ping_status":"open","template":"","meta":{"site-sidebar-layout":"default","site-content-layout":"default","ast-global-header-display":"","ast-main-header-display":"","ast-hfb-above-header-display":"","ast-hfb-below-header-display":"","ast-hfb-mobile-header-display":"","site-post-title":"","ast-breadcrumbs-content":"","ast-featured-img":"","footer-sml-layout":"","theme-transparent-header-meta":"","adv-header-id-meta":"","stick-header-meta":"","header-above-stick-meta":"","header-main-stick-meta":"","header-below-stick-meta":""},"product_cat":[56],"product_tag":[],"class_list":{"0":"post-2759","1":"product","2":"type-product","3":"status-publish","4":"has-post-thumbnail","6":"product_cat-corsagen","7":"pa_size-l-xl","8":"pa_size-s-m","9":"desktop-align-left","10":"tablet-align-left","11":"mobile-align-left","13":"first","14":"outofstock","15":"purchasable","16":"product-type-variable"},"_links":{"self":[{"href":"https:\/\/bellacloths.com\/index.php?rest_route=\/wp\/v2\/product\/2759","targetHints":{"allow":["GET"]}}],"collection":[{"href":"https:\/\/bellacloths.com\/index.php?rest_route=\/wp\/v2\/product"}],"about":[{"href":"https:\/\/bellacloths.com\/index.php?rest_route=\/wp\/v2\/types\/product"}],"replies":[{"embeddable":true,"href":"https:\/\/bellacloths.com\/index.php?rest_route=%2Fwp%2Fv2%2Fcomments&post=2759"}],"wp:featuredmedia":[{"embeddable":true,"href":"https:\/\/bellacloths.com\/index.php?rest_route=\/wp\/v2\/media\/2760"}],"wp:attachment":[{"href":"https:\/\/bellacloths.com\/index.php?rest_route=%2Fwp%2Fv2%2Fmedia&parent=2759"}],"wp:term":[{"taxonomy":"product_cat","embeddable":true,"href":"https:\/\/bellacloths.com\/index.php?rest_route=%2Fwp%2Fv2%2Fproduct_cat&post=2759"},{"taxonomy":"product_tag","embeddable":true,"href":"https:\/\/bellacloths.com\/index.php?rest_route=%2Fwp%2Fv2%2Fproduct_tag&post=2759"}],"curies":[{"name":"wp","href":"https:\/\/api.w.org\/{rel}","templated":true}]}}