{"id":2765,"date":"2023-03-20T16:46:41","date_gmt":"2023-03-20T16:46:41","guid":{"rendered":"https:\/\/bellacloths.com\/?product=top-leggings-cr3654-schwarz"},"modified":"2023-03-20T16:46:44","modified_gmt":"2023-03-20T16:46:44","slug":"top-leggings-cr3654-schwarz","status":"publish","type":"product","link":"https:\/\/bellacloths.com\/?product=top-leggings-cr3654-schwarz","title":{"rendered":"Top + Leggings CR3654 schwarz"},"content":{"rendered":"<p>Top + Leggings CR3654 schwarz (Chilirose)<br \/>Reizendes Set aus weichem und elastischem Material, bestehend aus einem Top und Leggings mit auff\u00e4lligen Mustern.<\/p>\n<p>Farbe: schwarz<br \/>Gr\u00f6\u00dfe: S\/M one-size<\/p>\n<p>Material: 88% Nylon, 12% Elasthan<\/p>\n","protected":false},"excerpt":{"rendered":"<p>Top + Leggings CR3654 schwarz (Chilirose)Reizendes Set aus weichem und elastischem Material, bestehend aus einem Top und Leggings mit auff\u00e4lligen Mustern. Farbe: schwarzGr\u00f6\u00dfe: S\/M one-size Material: 88% Nylon, 12% Elasthan<\/p>\n","protected":false},"featured_media":2766,"comment_status":"closed","ping_status":"open","template":"","meta":{"site-sidebar-layout":"default","site-content-layout":"default","ast-global-header-display":"","ast-main-header-display":"","ast-hfb-above-header-display":"","ast-hfb-below-header-display":"","ast-hfb-mobile-header-display":"","site-post-title":"","ast-breadcrumbs-content":"","ast-featured-img":"","footer-sml-layout":"","theme-transparent-header-meta":"","adv-header-id-meta":"","stick-header-meta":"","header-above-stick-meta":"","header-main-stick-meta":"","header-below-stick-meta":""},"product_cat":[39],"product_tag":[],"class_list":{"0":"post-2765","1":"product","2":"type-product","3":"status-publish","4":"has-post-thumbnail","6":"product_cat-outfits-kostume","7":"desktop-align-left","8":"tablet-align-left","9":"mobile-align-left","11":"first","12":"outofstock","13":"purchasable","14":"product-type-simple"},"_links":{"self":[{"href":"https:\/\/bellacloths.com\/index.php?rest_route=\/wp\/v2\/product\/2765","targetHints":{"allow":["GET"]}}],"collection":[{"href":"https:\/\/bellacloths.com\/index.php?rest_route=\/wp\/v2\/product"}],"about":[{"href":"https:\/\/bellacloths.com\/index.php?rest_route=\/wp\/v2\/types\/product"}],"replies":[{"embeddable":true,"href":"https:\/\/bellacloths.com\/index.php?rest_route=%2Fwp%2Fv2%2Fcomments&post=2765"}],"wp:featuredmedia":[{"embeddable":true,"href":"https:\/\/bellacloths.com\/index.php?rest_route=\/wp\/v2\/media\/2766"}],"wp:attachment":[{"href":"https:\/\/bellacloths.com\/index.php?rest_route=%2Fwp%2Fv2%2Fmedia&parent=2765"}],"wp:term":[{"taxonomy":"product_cat","embeddable":true,"href":"https:\/\/bellacloths.com\/index.php?rest_route=%2Fwp%2Fv2%2Fproduct_cat&post=2765"},{"taxonomy":"product_tag","embeddable":true,"href":"https:\/\/bellacloths.com\/index.php?rest_route=%2Fwp%2Fv2%2Fproduct_tag&post=2765"}],"curies":[{"name":"wp","href":"https:\/\/api.w.org\/{rel}","templated":true}]}}