{"id":2775,"date":"2023-03-20T16:47:01","date_gmt":"2023-03-20T16:47:01","guid":{"rendered":"https:\/\/bellacloths.com\/?product=babydoll-cr3675-rot"},"modified":"2023-03-20T16:47:34","modified_gmt":"2023-03-20T16:47:34","slug":"babydoll-cr3675-rot","status":"publish","type":"product","link":"https:\/\/bellacloths.com\/?product=babydoll-cr3675-rot","title":{"rendered":"Babydoll CR3675 rot"},"content":{"rendered":"<p>CR3675 Babydoll + String in rot von Chilirose<br \/>Elegantes Babydoll aus transparentem Material in rot mit wundersch\u00f6ner Spitze und einem Strasselement zwischen den Cups. Den R\u00fcckenbereich ziert ein gro\u00dfer Ausschnitt und eine kleine Satinschleife. Mit verstellbaren Strumpfhaltern und passendem String.<\/p>\n<p>Farbe: rot<br \/>Gr\u00f6\u00dfen: S, M, L, XL<\/p>\n<p>Material: 90% Polyester, 10% Elasthan<\/p>\n","protected":false},"excerpt":{"rendered":"<p>CR3675 Babydoll + String in rot von ChiliroseElegantes Babydoll aus transparentem Material in rot mit wundersch\u00f6ner Spitze und einem Strasselement zwischen den Cups. Den R\u00fcckenbereich ziert ein gro\u00dfer Ausschnitt und eine kleine Satinschleife. Mit verstellbaren Strumpfhaltern und passendem String. Farbe: rotGr\u00f6\u00dfen: S, M, L, XL Material: 90% Polyester, 10% Elasthan<\/p>\n","protected":false},"featured_media":2776,"comment_status":"closed","ping_status":"open","template":"","meta":{"site-sidebar-layout":"default","site-content-layout":"default","ast-global-header-display":"","ast-main-header-display":"","ast-hfb-above-header-display":"","ast-hfb-below-header-display":"","ast-hfb-mobile-header-display":"","site-post-title":"","ast-breadcrumbs-content":"","ast-featured-img":"","footer-sml-layout":"","theme-transparent-header-meta":"","adv-header-id-meta":"","stick-header-meta":"","header-above-stick-meta":"","header-main-stick-meta":"","header-below-stick-meta":""},"product_cat":[41],"product_tag":[],"class_list":{"0":"post-2775","1":"product","2":"type-product","3":"status-publish","4":"has-post-thumbnail","6":"product_cat-babydolls-negligees","7":"pa_size-xl","8":"pa_size-l","9":"pa_size-m","10":"pa_size-s","11":"desktop-align-left","12":"tablet-align-left","13":"mobile-align-left","15":"first","16":"instock","17":"purchasable","18":"product-type-variable"},"_links":{"self":[{"href":"https:\/\/bellacloths.com\/index.php?rest_route=\/wp\/v2\/product\/2775","targetHints":{"allow":["GET"]}}],"collection":[{"href":"https:\/\/bellacloths.com\/index.php?rest_route=\/wp\/v2\/product"}],"about":[{"href":"https:\/\/bellacloths.com\/index.php?rest_route=\/wp\/v2\/types\/product"}],"replies":[{"embeddable":true,"href":"https:\/\/bellacloths.com\/index.php?rest_route=%2Fwp%2Fv2%2Fcomments&post=2775"}],"wp:featuredmedia":[{"embeddable":true,"href":"https:\/\/bellacloths.com\/index.php?rest_route=\/wp\/v2\/media\/2776"}],"wp:attachment":[{"href":"https:\/\/bellacloths.com\/index.php?rest_route=%2Fwp%2Fv2%2Fmedia&parent=2775"}],"wp:term":[{"taxonomy":"product_cat","embeddable":true,"href":"https:\/\/bellacloths.com\/index.php?rest_route=%2Fwp%2Fv2%2Fproduct_cat&post=2775"},{"taxonomy":"product_tag","embeddable":true,"href":"https:\/\/bellacloths.com\/index.php?rest_route=%2Fwp%2Fv2%2Fproduct_tag&post=2775"}],"curies":[{"name":"wp","href":"https:\/\/api.w.org\/{rel}","templated":true}]}}