{"id":2882,"date":"2023-03-20T16:51:41","date_gmt":"2023-03-20T16:51:41","guid":{"rendered":"https:\/\/bellacloths.com\/?product=minikleid-cr3670"},"modified":"2023-03-20T16:52:21","modified_gmt":"2023-03-20T16:52:21","slug":"minikleid-cr3670","status":"publish","type":"product","link":"https:\/\/bellacloths.com\/?product=minikleid-cr3670","title":{"rendered":"Minikleid CR3670"},"content":{"rendered":"<p>Schwarzes Minikleid CR3670 (Chilirose)<br \/>Tolles Spitzenkleid mit langen \u00c4rmeln und kreisf\u00f6rmigem Ausschnitt auf der R\u00fcckseite. Mit strassbesetzter Metallschlie\u00dfe am Nacken.<\/p>\n<p>Farbe: schwarz<br \/>Gr\u00f6\u00dfen: S, M, L oder XL<\/p>\n<p>Material: 90% Polyester, 10% Elasthan<\/p>\n","protected":false},"excerpt":{"rendered":"<p>Schwarzes Minikleid CR3670 (Chilirose)Tolles Spitzenkleid mit langen \u00c4rmeln und kreisf\u00f6rmigem Ausschnitt auf der R\u00fcckseite. Mit strassbesetzter Metallschlie\u00dfe am Nacken. Farbe: schwarzGr\u00f6\u00dfen: S, M, L oder XL Material: 90% Polyester, 10% Elasthan<\/p>\n","protected":false},"featured_media":2883,"comment_status":"closed","ping_status":"open","template":"","meta":{"site-sidebar-layout":"default","site-content-layout":"default","ast-global-header-display":"","ast-main-header-display":"","ast-hfb-above-header-display":"","ast-hfb-below-header-display":"","ast-hfb-mobile-header-display":"","site-post-title":"","ast-breadcrumbs-content":"","ast-featured-img":"","footer-sml-layout":"","theme-transparent-header-meta":"","adv-header-id-meta":"","stick-header-meta":"","header-above-stick-meta":"","header-main-stick-meta":"","header-below-stick-meta":""},"product_cat":[40],"product_tag":[],"class_list":{"0":"post-2882","1":"product","2":"type-product","3":"status-publish","4":"has-post-thumbnail","6":"product_cat-kleider-tops","7":"pa_size-xl","8":"pa_size-l","9":"pa_size-m","10":"pa_size-s","11":"desktop-align-left","12":"tablet-align-left","13":"mobile-align-left","15":"first","16":"instock","17":"purchasable","18":"product-type-variable"},"_links":{"self":[{"href":"https:\/\/bellacloths.com\/index.php?rest_route=\/wp\/v2\/product\/2882","targetHints":{"allow":["GET"]}}],"collection":[{"href":"https:\/\/bellacloths.com\/index.php?rest_route=\/wp\/v2\/product"}],"about":[{"href":"https:\/\/bellacloths.com\/index.php?rest_route=\/wp\/v2\/types\/product"}],"replies":[{"embeddable":true,"href":"https:\/\/bellacloths.com\/index.php?rest_route=%2Fwp%2Fv2%2Fcomments&post=2882"}],"wp:featuredmedia":[{"embeddable":true,"href":"https:\/\/bellacloths.com\/index.php?rest_route=\/wp\/v2\/media\/2883"}],"wp:attachment":[{"href":"https:\/\/bellacloths.com\/index.php?rest_route=%2Fwp%2Fv2%2Fmedia&parent=2882"}],"wp:term":[{"taxonomy":"product_cat","embeddable":true,"href":"https:\/\/bellacloths.com\/index.php?rest_route=%2Fwp%2Fv2%2Fproduct_cat&post=2882"},{"taxonomy":"product_tag","embeddable":true,"href":"https:\/\/bellacloths.com\/index.php?rest_route=%2Fwp%2Fv2%2Fproduct_tag&post=2882"}],"curies":[{"name":"wp","href":"https:\/\/api.w.org\/{rel}","templated":true}]}}