{"id":2891,"date":"2023-03-20T16:51:58","date_gmt":"2023-03-20T16:51:58","guid":{"rendered":"https:\/\/bellacloths.com\/?product=nahtloses-minikleid-cr3608-pink"},"modified":"2023-03-20T16:52:10","modified_gmt":"2023-03-20T16:52:10","slug":"nahtloses-minikleid-cr3608-pink","status":"publish","type":"product","link":"https:\/\/bellacloths.com\/?product=nahtloses-minikleid-cr3608-pink","title":{"rendered":"Nahtloses Minikleid CR3608 pink"},"content":{"rendered":"<p>Nahtloses Minikleid CR3608 pink von Chilirose<br \/>Elastisches Minikleid aus nahtlosem Material in pink mit groben Maschen entlang der \u00c4rmel. Es passt sich perfekt dem K\u00f6rper an und f\u00fchlt sich angenehm weich an!<\/p>\n<p>Farbe: pink<br \/>Gr\u00f6\u00dfe: S\/M one-size<\/p>\n<p>Material: 88% Nylon, 12% Elasthan<\/p>\n","protected":false},"excerpt":{"rendered":"<p>Nahtloses Minikleid CR3608 pink von ChiliroseElastisches Minikleid aus nahtlosem Material in pink mit groben Maschen entlang der \u00c4rmel. Es passt sich perfekt dem K\u00f6rper an und f\u00fchlt sich angenehm weich an! Farbe: pinkGr\u00f6\u00dfe: S\/M one-size Material: 88% Nylon, 12% Elasthan<\/p>\n","protected":false},"featured_media":2892,"comment_status":"closed","ping_status":"open","template":"","meta":{"site-sidebar-layout":"default","site-content-layout":"default","ast-global-header-display":"","ast-main-header-display":"","ast-hfb-above-header-display":"","ast-hfb-below-header-display":"","ast-hfb-mobile-header-display":"","site-post-title":"","ast-breadcrumbs-content":"","ast-featured-img":"","footer-sml-layout":"","theme-transparent-header-meta":"","adv-header-id-meta":"","stick-header-meta":"","header-above-stick-meta":"","header-main-stick-meta":"","header-below-stick-meta":""},"product_cat":[40],"product_tag":[],"class_list":{"0":"post-2891","1":"product","2":"type-product","3":"status-publish","4":"has-post-thumbnail","6":"product_cat-kleider-tops","7":"desktop-align-left","8":"tablet-align-left","9":"mobile-align-left","11":"first","12":"instock","13":"purchasable","14":"product-type-simple"},"_links":{"self":[{"href":"https:\/\/bellacloths.com\/index.php?rest_route=\/wp\/v2\/product\/2891","targetHints":{"allow":["GET"]}}],"collection":[{"href":"https:\/\/bellacloths.com\/index.php?rest_route=\/wp\/v2\/product"}],"about":[{"href":"https:\/\/bellacloths.com\/index.php?rest_route=\/wp\/v2\/types\/product"}],"replies":[{"embeddable":true,"href":"https:\/\/bellacloths.com\/index.php?rest_route=%2Fwp%2Fv2%2Fcomments&post=2891"}],"wp:featuredmedia":[{"embeddable":true,"href":"https:\/\/bellacloths.com\/index.php?rest_route=\/wp\/v2\/media\/2892"}],"wp:attachment":[{"href":"https:\/\/bellacloths.com\/index.php?rest_route=%2Fwp%2Fv2%2Fmedia&parent=2891"}],"wp:term":[{"taxonomy":"product_cat","embeddable":true,"href":"https:\/\/bellacloths.com\/index.php?rest_route=%2Fwp%2Fv2%2Fproduct_cat&post=2891"},{"taxonomy":"product_tag","embeddable":true,"href":"https:\/\/bellacloths.com\/index.php?rest_route=%2Fwp%2Fv2%2Fproduct_tag&post=2891"}],"curies":[{"name":"wp","href":"https:\/\/api.w.org\/{rel}","templated":true}]}}