{"id":2923,"date":"2023-03-20T16:53:54","date_gmt":"2023-03-20T16:53:54","guid":{"rendered":"https:\/\/bellacloths.com\/?product=bh-string-cr3680"},"modified":"2023-03-20T16:54:14","modified_gmt":"2023-03-20T16:54:14","slug":"bh-string-cr3680","status":"publish","type":"product","link":"https:\/\/bellacloths.com\/?product=bh-string-cr3680","title":{"rendered":"BH + String CR3680"},"content":{"rendered":"<p>BH + String mit Fransen CR3680 von Chilirose<br \/>Sexy Fransen-Set bestehend aus einem offenen BH mit verstellbaren Tr\u00e4gern und einem passenden String.<\/p>\n<p>Farbe: schwarz<br \/>Gr\u00f6\u00dfen: S\/M oder L\/XL<\/p>\n<p>Material: 90% Polyester, 10% Elasthan<\/p>\n","protected":false},"excerpt":{"rendered":"<p>BH + String mit Fransen CR3680 von ChiliroseSexy Fransen-Set bestehend aus einem offenen BH mit verstellbaren Tr\u00e4gern und einem passenden String. Farbe: schwarzGr\u00f6\u00dfen: S\/M oder L\/XL Material: 90% Polyester, 10% Elasthan<\/p>\n","protected":false},"featured_media":2924,"comment_status":"closed","ping_status":"open","template":"","meta":{"site-sidebar-layout":"default","site-content-layout":"default","ast-global-header-display":"","ast-main-header-display":"","ast-hfb-above-header-display":"","ast-hfb-below-header-display":"","ast-hfb-mobile-header-display":"","site-post-title":"","ast-breadcrumbs-content":"","ast-featured-img":"","footer-sml-layout":"","theme-transparent-header-meta":"","adv-header-id-meta":"","stick-header-meta":"","header-above-stick-meta":"","header-main-stick-meta":"","header-below-stick-meta":""},"product_cat":[35],"product_tag":[],"class_list":{"0":"post-2923","1":"product","2":"type-product","3":"status-publish","4":"has-post-thumbnail","6":"product_cat-slips-strings-bhs-sets","7":"pa_size-l-xl","8":"pa_size-s-m","9":"desktop-align-left","10":"tablet-align-left","11":"mobile-align-left","13":"first","14":"instock","15":"purchasable","16":"product-type-variable"},"_links":{"self":[{"href":"https:\/\/bellacloths.com\/index.php?rest_route=\/wp\/v2\/product\/2923","targetHints":{"allow":["GET"]}}],"collection":[{"href":"https:\/\/bellacloths.com\/index.php?rest_route=\/wp\/v2\/product"}],"about":[{"href":"https:\/\/bellacloths.com\/index.php?rest_route=\/wp\/v2\/types\/product"}],"replies":[{"embeddable":true,"href":"https:\/\/bellacloths.com\/index.php?rest_route=%2Fwp%2Fv2%2Fcomments&post=2923"}],"wp:featuredmedia":[{"embeddable":true,"href":"https:\/\/bellacloths.com\/index.php?rest_route=\/wp\/v2\/media\/2924"}],"wp:attachment":[{"href":"https:\/\/bellacloths.com\/index.php?rest_route=%2Fwp%2Fv2%2Fmedia&parent=2923"}],"wp:term":[{"taxonomy":"product_cat","embeddable":true,"href":"https:\/\/bellacloths.com\/index.php?rest_route=%2Fwp%2Fv2%2Fproduct_cat&post=2923"},{"taxonomy":"product_tag","embeddable":true,"href":"https:\/\/bellacloths.com\/index.php?rest_route=%2Fwp%2Fv2%2Fproduct_tag&post=2923"}],"curies":[{"name":"wp","href":"https:\/\/api.w.org\/{rel}","templated":true}]}}