{"id":2952,"date":"2023-03-20T16:54:58","date_gmt":"2023-03-20T16:54:58","guid":{"rendered":"https:\/\/bellacloths.com\/?product=kleid-m-1074"},"modified":"2023-03-20T16:55:22","modified_gmt":"2023-03-20T16:55:22","slug":"kleid-m-1074","status":"publish","type":"product","link":"https:\/\/bellacloths.com\/?product=kleid-m-1074","title":{"rendered":"Kleid M\/1074"},"content":{"rendered":"<p>Schwarzes Kleid mit Spitze von Andalea<br \/>Langes Kleid aus elastischem, schwarzem Stoff, der entlang der Taille mit sexy Spitze kombiniert ist. Die Kreuztr\u00e4ger sorgen f\u00fcr eine perfekt sitzende Brust.<\/p>\n<p>Made in EU!<\/p>\n<p>Farbe: schwarz<br \/>Gr\u00f6\u00dfen: 38\/40, 42\/44, 46\/48, 50\/52, 54\/56<\/p>\n<p>Material: 47% Polyamid, 45% Polyester, 8% Elasthan<\/p>\n","protected":false},"excerpt":{"rendered":"<p>Schwarzes Kleid mit Spitze von AndaleaLanges Kleid aus elastischem, schwarzem Stoff, der entlang der Taille mit sexy Spitze kombiniert ist. Die Kreuztr\u00e4ger sorgen f\u00fcr eine perfekt sitzende Brust. Made in EU! Farbe: schwarzGr\u00f6\u00dfen: 38\/40, 42\/44, 46\/48, 50\/52, 54\/56 Material: 47% Polyamid, 45% Polyester, 8% Elasthan<\/p>\n","protected":false},"featured_media":2953,"comment_status":"closed","ping_status":"open","template":"","meta":{"site-sidebar-layout":"default","site-content-layout":"default","ast-global-header-display":"","ast-main-header-display":"","ast-hfb-above-header-display":"","ast-hfb-below-header-display":"","ast-hfb-mobile-header-display":"","site-post-title":"","ast-breadcrumbs-content":"","ast-featured-img":"","footer-sml-layout":"","theme-transparent-header-meta":"","adv-header-id-meta":"","stick-header-meta":"","header-above-stick-meta":"","header-main-stick-meta":"","header-below-stick-meta":""},"product_cat":[40],"product_tag":[],"class_list":{"0":"post-2952","1":"product","2":"type-product","3":"status-publish","4":"has-post-thumbnail","6":"product_cat-kleider-tops","7":"pa_size-38-40","8":"pa_size-42-44","9":"pa_size-46-48","10":"pa_size-50-52","11":"pa_size-54-56","12":"desktop-align-left","13":"tablet-align-left","14":"mobile-align-left","16":"first","17":"instock","18":"purchasable","19":"product-type-variable"},"_links":{"self":[{"href":"https:\/\/bellacloths.com\/index.php?rest_route=\/wp\/v2\/product\/2952","targetHints":{"allow":["GET"]}}],"collection":[{"href":"https:\/\/bellacloths.com\/index.php?rest_route=\/wp\/v2\/product"}],"about":[{"href":"https:\/\/bellacloths.com\/index.php?rest_route=\/wp\/v2\/types\/product"}],"replies":[{"embeddable":true,"href":"https:\/\/bellacloths.com\/index.php?rest_route=%2Fwp%2Fv2%2Fcomments&post=2952"}],"wp:featuredmedia":[{"embeddable":true,"href":"https:\/\/bellacloths.com\/index.php?rest_route=\/wp\/v2\/media\/2953"}],"wp:attachment":[{"href":"https:\/\/bellacloths.com\/index.php?rest_route=%2Fwp%2Fv2%2Fmedia&parent=2952"}],"wp:term":[{"taxonomy":"product_cat","embeddable":true,"href":"https:\/\/bellacloths.com\/index.php?rest_route=%2Fwp%2Fv2%2Fproduct_cat&post=2952"},{"taxonomy":"product_tag","embeddable":true,"href":"https:\/\/bellacloths.com\/index.php?rest_route=%2Fwp%2Fv2%2Fproduct_tag&post=2952"}],"curies":[{"name":"wp","href":"https:\/\/api.w.org\/{rel}","templated":true}]}}