{"id":3012,"date":"2023-03-20T16:56:57","date_gmt":"2023-03-20T16:56:57","guid":{"rendered":"https:\/\/bellacloths.com\/?product=body-cr3696"},"modified":"2023-03-20T16:57:50","modified_gmt":"2023-03-20T16:57:50","slug":"body-cr3696","status":"publish","type":"product","link":"https:\/\/bellacloths.com\/?product=body-cr3696","title":{"rendered":"Body CR3696"},"content":{"rendered":"<p>Body im Kunstleder-Look CR3696 von Chilirose<br \/>Schwarzer Body mit Handschellen und silbernen Nieten. Elastisches und schimmerndes Material. Mit Verschluss auf der R\u00fcckseite und verstellbaren Tr\u00e4gern, im Schritt offen. Die abgebildeten Nippelabdeckungen sind nicht im Lieferumfang enthalten!<\/p>\n<p>Farbe: schwarz<br \/>Gr\u00f6\u00dfen: S\/M oder L\/XL<\/p>\n<p>Material: 90% Polyester, 10% Elasthan<\/p>\n","protected":false},"excerpt":{"rendered":"<p>Body im Kunstleder-Look CR3696 von ChiliroseSchwarzer Body mit Handschellen und silbernen Nieten. Elastisches und schimmerndes Material. Mit Verschluss auf der R\u00fcckseite und verstellbaren Tr\u00e4gern, im Schritt offen. Die abgebildeten Nippelabdeckungen sind nicht im Lieferumfang enthalten! Farbe: schwarzGr\u00f6\u00dfen: S\/M oder L\/XL Material: 90% Polyester, 10% Elasthan<\/p>\n","protected":false},"featured_media":3013,"comment_status":"closed","ping_status":"open","template":"","meta":{"site-sidebar-layout":"default","site-content-layout":"default","ast-global-header-display":"","ast-main-header-display":"","ast-hfb-above-header-display":"","ast-hfb-below-header-display":"","ast-hfb-mobile-header-display":"","site-post-title":"","ast-breadcrumbs-content":"","ast-featured-img":"","footer-sml-layout":"","theme-transparent-header-meta":"","adv-header-id-meta":"","stick-header-meta":"","header-above-stick-meta":"","header-main-stick-meta":"","header-below-stick-meta":""},"product_cat":[28],"product_tag":[],"class_list":{"0":"post-3012","1":"product","2":"type-product","3":"status-publish","4":"has-post-thumbnail","6":"product_cat-bodies-catsuits","7":"pa_size-l-xl","8":"pa_size-s-m","9":"desktop-align-left","10":"tablet-align-left","11":"mobile-align-left","13":"first","14":"instock","15":"purchasable","16":"product-type-variable"},"_links":{"self":[{"href":"https:\/\/bellacloths.com\/index.php?rest_route=\/wp\/v2\/product\/3012","targetHints":{"allow":["GET"]}}],"collection":[{"href":"https:\/\/bellacloths.com\/index.php?rest_route=\/wp\/v2\/product"}],"about":[{"href":"https:\/\/bellacloths.com\/index.php?rest_route=\/wp\/v2\/types\/product"}],"replies":[{"embeddable":true,"href":"https:\/\/bellacloths.com\/index.php?rest_route=%2Fwp%2Fv2%2Fcomments&post=3012"}],"wp:featuredmedia":[{"embeddable":true,"href":"https:\/\/bellacloths.com\/index.php?rest_route=\/wp\/v2\/media\/3013"}],"wp:attachment":[{"href":"https:\/\/bellacloths.com\/index.php?rest_route=%2Fwp%2Fv2%2Fmedia&parent=3012"}],"wp:term":[{"taxonomy":"product_cat","embeddable":true,"href":"https:\/\/bellacloths.com\/index.php?rest_route=%2Fwp%2Fv2%2Fproduct_cat&post=3012"},{"taxonomy":"product_tag","embeddable":true,"href":"https:\/\/bellacloths.com\/index.php?rest_route=%2Fwp%2Fv2%2Fproduct_tag&post=3012"}],"curies":[{"name":"wp","href":"https:\/\/api.w.org\/{rel}","templated":true}]}}