{"id":3018,"date":"2023-03-20T16:57:33","date_gmt":"2023-03-20T16:57:33","guid":{"rendered":"https:\/\/bellacloths.com\/?product=amanta-babydoll"},"modified":"2023-03-20T16:57:52","modified_gmt":"2023-03-20T16:57:52","slug":"amanta-babydoll","status":"publish","type":"product","link":"https:\/\/bellacloths.com\/?product=amanta-babydoll","title":{"rendered":"Amanta Babydoll"},"content":{"rendered":"<p>Amanta Babydoll mit String von &#8220;Obsessive&#8221;<br \/>Verf\u00fchrerisches Babydoll aus komfortablem, schwarzem Netzmaterial mit beidseitiger Spitze und t\u00fcrkisfarbenen Akzenten. Mit verstellbaren Tr\u00e4gern und B\u00fcgel-Cups f\u00fcr eine perfekte Passform. Mit einer t\u00fcrkisfarbenen Satinschleife und einem bequemen Verschluss zwischen den Cups. Sexy Spitzen-String im Lieferumfang enthalten!<\/p>\n<p>Farben: schwarz\/t\u00fcrkis<br \/>Gr\u00f6\u00dfen: S\/M oder L\/XL<\/p>\n<p>Material: 94% Polyamid, 6% Elasthan<\/p>\n","protected":false},"excerpt":{"rendered":"<p>Amanta Babydoll mit String von &#8220;Obsessive&#8221;Verf\u00fchrerisches Babydoll aus komfortablem, schwarzem Netzmaterial mit beidseitiger Spitze und t\u00fcrkisfarbenen Akzenten. Mit verstellbaren Tr\u00e4gern und B\u00fcgel-Cups f\u00fcr eine perfekte Passform. Mit einer t\u00fcrkisfarbenen Satinschleife und einem bequemen Verschluss zwischen den Cups. Sexy Spitzen-String im Lieferumfang enthalten! Farben: schwarz\/t\u00fcrkisGr\u00f6\u00dfen: S\/M oder L\/XL Material: 94% Polyamid, 6% Elasthan<\/p>\n","protected":false},"featured_media":3019,"comment_status":"closed","ping_status":"open","template":"","meta":{"site-sidebar-layout":"default","site-content-layout":"default","ast-global-header-display":"","ast-main-header-display":"","ast-hfb-above-header-display":"","ast-hfb-below-header-display":"","ast-hfb-mobile-header-display":"","site-post-title":"","ast-breadcrumbs-content":"","ast-featured-img":"","footer-sml-layout":"","theme-transparent-header-meta":"","adv-header-id-meta":"","stick-header-meta":"","header-above-stick-meta":"","header-main-stick-meta":"","header-below-stick-meta":""},"product_cat":[41],"product_tag":[],"class_list":{"0":"post-3018","1":"product","2":"type-product","3":"status-publish","4":"has-post-thumbnail","6":"product_cat-babydolls-negligees","7":"pa_size-l-xl","8":"pa_size-s-m","9":"desktop-align-left","10":"tablet-align-left","11":"mobile-align-left","13":"first","14":"instock","15":"purchasable","16":"product-type-variable"},"_links":{"self":[{"href":"https:\/\/bellacloths.com\/index.php?rest_route=\/wp\/v2\/product\/3018","targetHints":{"allow":["GET"]}}],"collection":[{"href":"https:\/\/bellacloths.com\/index.php?rest_route=\/wp\/v2\/product"}],"about":[{"href":"https:\/\/bellacloths.com\/index.php?rest_route=\/wp\/v2\/types\/product"}],"replies":[{"embeddable":true,"href":"https:\/\/bellacloths.com\/index.php?rest_route=%2Fwp%2Fv2%2Fcomments&post=3018"}],"wp:featuredmedia":[{"embeddable":true,"href":"https:\/\/bellacloths.com\/index.php?rest_route=\/wp\/v2\/media\/3019"}],"wp:attachment":[{"href":"https:\/\/bellacloths.com\/index.php?rest_route=%2Fwp%2Fv2%2Fmedia&parent=3018"}],"wp:term":[{"taxonomy":"product_cat","embeddable":true,"href":"https:\/\/bellacloths.com\/index.php?rest_route=%2Fwp%2Fv2%2Fproduct_cat&post=3018"},{"taxonomy":"product_tag","embeddable":true,"href":"https:\/\/bellacloths.com\/index.php?rest_route=%2Fwp%2Fv2%2Fproduct_tag&post=3018"}],"curies":[{"name":"wp","href":"https:\/\/api.w.org\/{rel}","templated":true}]}}