{"id":3040,"date":"2023-03-20T16:58:14","date_gmt":"2023-03-20T16:58:14","guid":{"rendered":"https:\/\/bellacloths.com\/?product=bodystocking-g310-schwarz"},"modified":"2023-03-20T16:58:28","modified_gmt":"2023-03-20T16:58:28","slug":"bodystocking-g310-schwarz","status":"publish","type":"product","link":"https:\/\/bellacloths.com\/?product=bodystocking-g310-schwarz","title":{"rendered":"Bodystocking G310 schwarz"},"content":{"rendered":"<p>Bodystocking &#8220;G310&#8221; schwarz von Obsessive<br \/>Hei\u00dfer Bodystocking aus weichem, elastischem Netzmaterial mit auff\u00e4lliger, runder Perforierung an der Taille. Eine Kombination aus einem Oberteil mit schmalen Tr\u00e4gern und angeschlossenen Str\u00fcmpfen.<\/p>\n<p>Farbe: schwarz<br \/>Gr\u00f6\u00dfen: S-L oder XL\/XXL<\/p>\n<p>Material: 90% Nylon, 10% Elasthan<\/p>\n","protected":false},"excerpt":{"rendered":"<p>Bodystocking &#8220;G310&#8221; schwarz von ObsessiveHei\u00dfer Bodystocking aus weichem, elastischem Netzmaterial mit auff\u00e4lliger, runder Perforierung an der Taille. Eine Kombination aus einem Oberteil mit schmalen Tr\u00e4gern und angeschlossenen Str\u00fcmpfen. Farbe: schwarzGr\u00f6\u00dfen: S-L oder XL\/XXL Material: 90% Nylon, 10% Elasthan<\/p>\n","protected":false},"featured_media":3041,"comment_status":"closed","ping_status":"open","template":"","meta":{"site-sidebar-layout":"default","site-content-layout":"default","ast-global-header-display":"","ast-main-header-display":"","ast-hfb-above-header-display":"","ast-hfb-below-header-display":"","ast-hfb-mobile-header-display":"","site-post-title":"","ast-breadcrumbs-content":"","ast-featured-img":"","footer-sml-layout":"","theme-transparent-header-meta":"","adv-header-id-meta":"","stick-header-meta":"","header-above-stick-meta":"","header-main-stick-meta":"","header-below-stick-meta":""},"product_cat":[28],"product_tag":[],"class_list":{"0":"post-3040","1":"product","2":"type-product","3":"status-publish","4":"has-post-thumbnail","6":"product_cat-bodies-catsuits","7":"pa_size-s-l","8":"pa_size-xl-xxl","9":"desktop-align-left","10":"tablet-align-left","11":"mobile-align-left","13":"first","14":"instock","15":"purchasable","16":"product-type-variable"},"_links":{"self":[{"href":"https:\/\/bellacloths.com\/index.php?rest_route=\/wp\/v2\/product\/3040","targetHints":{"allow":["GET"]}}],"collection":[{"href":"https:\/\/bellacloths.com\/index.php?rest_route=\/wp\/v2\/product"}],"about":[{"href":"https:\/\/bellacloths.com\/index.php?rest_route=\/wp\/v2\/types\/product"}],"replies":[{"embeddable":true,"href":"https:\/\/bellacloths.com\/index.php?rest_route=%2Fwp%2Fv2%2Fcomments&post=3040"}],"wp:featuredmedia":[{"embeddable":true,"href":"https:\/\/bellacloths.com\/index.php?rest_route=\/wp\/v2\/media\/3041"}],"wp:attachment":[{"href":"https:\/\/bellacloths.com\/index.php?rest_route=%2Fwp%2Fv2%2Fmedia&parent=3040"}],"wp:term":[{"taxonomy":"product_cat","embeddable":true,"href":"https:\/\/bellacloths.com\/index.php?rest_route=%2Fwp%2Fv2%2Fproduct_cat&post=3040"},{"taxonomy":"product_tag","embeddable":true,"href":"https:\/\/bellacloths.com\/index.php?rest_route=%2Fwp%2Fv2%2Fproduct_tag&post=3040"}],"curies":[{"name":"wp","href":"https:\/\/api.w.org\/{rel}","templated":true}]}}