{"id":3058,"date":"2023-03-20T16:59:02","date_gmt":"2023-03-20T16:59:02","guid":{"rendered":"https:\/\/bellacloths.com\/?product=string-dr1376-weis"},"modified":"2023-03-20T16:59:08","modified_gmt":"2023-03-20T16:59:08","slug":"string-dr1376-weis","status":"publish","type":"product","link":"https:\/\/bellacloths.com\/?product=string-dr1376-weis","title":{"rendered":"String DR1376 wei\u00df"},"content":{"rendered":"<p>Spitzen-String &#8211; Style 1376 wei\u00df<br \/>Elastischer Spitzen-String mit Gummizug.<\/p>\n<p>Farbe: wei\u00df<br \/>Gr\u00f6\u00dfe: One-size<\/p>\n<p>Material: 90% Polyamid, 10% Elasthan<\/p>\n","protected":false},"excerpt":{"rendered":"<p>Spitzen-String &#8211; Style 1376 wei\u00dfElastischer Spitzen-String mit Gummizug. Farbe: wei\u00dfGr\u00f6\u00dfe: One-size Material: 90% Polyamid, 10% Elasthan<\/p>\n","protected":false},"featured_media":3059,"comment_status":"closed","ping_status":"open","template":"","meta":{"site-sidebar-layout":"default","site-content-layout":"default","ast-global-header-display":"","ast-main-header-display":"","ast-hfb-above-header-display":"","ast-hfb-below-header-display":"","ast-hfb-mobile-header-display":"","site-post-title":"","ast-breadcrumbs-content":"","ast-featured-img":"","footer-sml-layout":"","theme-transparent-header-meta":"","adv-header-id-meta":"","stick-header-meta":"","header-above-stick-meta":"","header-main-stick-meta":"","header-below-stick-meta":""},"product_cat":[35],"product_tag":[],"class_list":{"0":"post-3058","1":"product","2":"type-product","3":"status-publish","4":"has-post-thumbnail","6":"product_cat-slips-strings-bhs-sets","7":"desktop-align-left","8":"tablet-align-left","9":"mobile-align-left","11":"first","12":"instock","13":"purchasable","14":"product-type-simple"},"_links":{"self":[{"href":"https:\/\/bellacloths.com\/index.php?rest_route=\/wp\/v2\/product\/3058","targetHints":{"allow":["GET"]}}],"collection":[{"href":"https:\/\/bellacloths.com\/index.php?rest_route=\/wp\/v2\/product"}],"about":[{"href":"https:\/\/bellacloths.com\/index.php?rest_route=\/wp\/v2\/types\/product"}],"replies":[{"embeddable":true,"href":"https:\/\/bellacloths.com\/index.php?rest_route=%2Fwp%2Fv2%2Fcomments&post=3058"}],"wp:featuredmedia":[{"embeddable":true,"href":"https:\/\/bellacloths.com\/index.php?rest_route=\/wp\/v2\/media\/3059"}],"wp:attachment":[{"href":"https:\/\/bellacloths.com\/index.php?rest_route=%2Fwp%2Fv2%2Fmedia&parent=3058"}],"wp:term":[{"taxonomy":"product_cat","embeddable":true,"href":"https:\/\/bellacloths.com\/index.php?rest_route=%2Fwp%2Fv2%2Fproduct_cat&post=3058"},{"taxonomy":"product_tag","embeddable":true,"href":"https:\/\/bellacloths.com\/index.php?rest_route=%2Fwp%2Fv2%2Fproduct_tag&post=3058"}],"curies":[{"name":"wp","href":"https:\/\/api.w.org\/{rel}","templated":true}]}}