{"id":3102,"date":"2023-03-20T16:59:35","date_gmt":"2023-03-20T16:59:35","guid":{"rendered":"https:\/\/bellacloths.com\/?product=garter-belt-dr9382-schwarz"},"modified":"2023-03-20T16:59:54","modified_gmt":"2023-03-20T16:59:54","slug":"garter-belt-dr9382-schwarz","status":"publish","type":"product","link":"https:\/\/bellacloths.com\/?product=garter-belt-dr9382-schwarz","title":{"rendered":"Garter Belt DR9382 schwarz"},"content":{"rendered":"<p>Garter Belt &#8211; Style 9382 schwarz<br \/>Strumpfhalterg\u00fcrtel mit Satin-Vorderseite und Zick-Zack-Absteppung sowie einer R\u00fcckseite aus Mesh-Material. Mit verstellbaren Strumpfhaltern und Hakenverschluss auf der R\u00fcckseite. String und Str\u00fcmpfe nicht inklusive.<\/p>\n<p>Farbe: schwarz<br \/>Gr\u00f6\u00dfen: One-Size oder Queen-Size<\/p>\n<p>Material: 93% Polyester, 7% Elasthan<\/p>\n","protected":false},"excerpt":{"rendered":"<p>Garter Belt &#8211; Style 9382 schwarzStrumpfhalterg\u00fcrtel mit Satin-Vorderseite und Zick-Zack-Absteppung sowie einer R\u00fcckseite aus Mesh-Material. Mit verstellbaren Strumpfhaltern und Hakenverschluss auf der R\u00fcckseite. String und Str\u00fcmpfe nicht inklusive. Farbe: schwarzGr\u00f6\u00dfen: One-Size oder Queen-Size Material: 93% Polyester, 7% Elasthan<\/p>\n","protected":false},"featured_media":3103,"comment_status":"closed","ping_status":"open","template":"","meta":{"site-sidebar-layout":"default","site-content-layout":"default","ast-global-header-display":"","ast-main-header-display":"","ast-hfb-above-header-display":"","ast-hfb-below-header-display":"","ast-hfb-mobile-header-display":"","site-post-title":"","ast-breadcrumbs-content":"","ast-featured-img":"","footer-sml-layout":"","theme-transparent-header-meta":"","adv-header-id-meta":"","stick-header-meta":"","header-above-stick-meta":"","header-main-stick-meta":"","header-below-stick-meta":""},"product_cat":[30],"product_tag":[],"class_list":{"0":"post-3102","1":"product","2":"type-product","3":"status-publish","4":"has-post-thumbnail","6":"product_cat-strumpfmode-co","7":"pa_size-one-size","8":"pa_size-queen-size","9":"desktop-align-left","10":"tablet-align-left","11":"mobile-align-left","13":"first","14":"instock","15":"purchasable","16":"product-type-variable"},"_links":{"self":[{"href":"https:\/\/bellacloths.com\/index.php?rest_route=\/wp\/v2\/product\/3102","targetHints":{"allow":["GET"]}}],"collection":[{"href":"https:\/\/bellacloths.com\/index.php?rest_route=\/wp\/v2\/product"}],"about":[{"href":"https:\/\/bellacloths.com\/index.php?rest_route=\/wp\/v2\/types\/product"}],"replies":[{"embeddable":true,"href":"https:\/\/bellacloths.com\/index.php?rest_route=%2Fwp%2Fv2%2Fcomments&post=3102"}],"wp:featuredmedia":[{"embeddable":true,"href":"https:\/\/bellacloths.com\/index.php?rest_route=\/wp\/v2\/media\/3103"}],"wp:attachment":[{"href":"https:\/\/bellacloths.com\/index.php?rest_route=%2Fwp%2Fv2%2Fmedia&parent=3102"}],"wp:term":[{"taxonomy":"product_cat","embeddable":true,"href":"https:\/\/bellacloths.com\/index.php?rest_route=%2Fwp%2Fv2%2Fproduct_cat&post=3102"},{"taxonomy":"product_tag","embeddable":true,"href":"https:\/\/bellacloths.com\/index.php?rest_route=%2Fwp%2Fv2%2Fproduct_tag&post=3102"}],"curies":[{"name":"wp","href":"https:\/\/api.w.org\/{rel}","templated":true}]}}