{"id":3111,"date":"2023-03-20T16:59:35","date_gmt":"2023-03-20T16:59:35","guid":{"rendered":"https:\/\/bellacloths.com\/?product=intensa-set-schwarz"},"modified":"2023-03-20T17:00:22","modified_gmt":"2023-03-20T17:00:22","slug":"intensa-set-schwarz","status":"publish","type":"product","link":"https:\/\/bellacloths.com\/?product=intensa-set-schwarz","title":{"rendered":"Intensa Set schwarz"},"content":{"rendered":"<p>Intensa BH + String Set von &#8220;Obsessive&#8221;<br \/>Verlockender Spitzen-BH mit s\u00fc\u00dfen Schleifen und zus\u00e4tzlichen Riemchen. Dazu ein passender String mit Doppelriemchen an der H\u00fcfte und Schleifen vorne und hinten. Elastisches und bequemes Material.<\/p>\n<p>Farbe: schwarz<br \/>Gr\u00f6\u00dfen: S\/M oder L\/XL<\/p>\n<p>Material: 90% Polyamid, 10% Elasthan<\/p>\n","protected":false},"excerpt":{"rendered":"<p>Intensa BH + String Set von &#8220;Obsessive&#8221;Verlockender Spitzen-BH mit s\u00fc\u00dfen Schleifen und zus\u00e4tzlichen Riemchen. Dazu ein passender String mit Doppelriemchen an der H\u00fcfte und Schleifen vorne und hinten. Elastisches und bequemes Material. Farbe: schwarzGr\u00f6\u00dfen: S\/M oder L\/XL Material: 90% Polyamid, 10% Elasthan<\/p>\n","protected":false},"featured_media":3112,"comment_status":"closed","ping_status":"open","template":"","meta":{"site-sidebar-layout":"default","site-content-layout":"default","ast-global-header-display":"","ast-main-header-display":"","ast-hfb-above-header-display":"","ast-hfb-below-header-display":"","ast-hfb-mobile-header-display":"","site-post-title":"","ast-breadcrumbs-content":"","ast-featured-img":"","footer-sml-layout":"","theme-transparent-header-meta":"","adv-header-id-meta":"","stick-header-meta":"","header-above-stick-meta":"","header-main-stick-meta":"","header-below-stick-meta":""},"product_cat":[35],"product_tag":[],"class_list":{"0":"post-3111","1":"product","2":"type-product","3":"status-publish","4":"has-post-thumbnail","6":"product_cat-slips-strings-bhs-sets","7":"pa_size-l-xl","8":"pa_size-s-m","9":"desktop-align-left","10":"tablet-align-left","11":"mobile-align-left","13":"first","14":"instock","15":"purchasable","16":"product-type-variable"},"_links":{"self":[{"href":"https:\/\/bellacloths.com\/index.php?rest_route=\/wp\/v2\/product\/3111","targetHints":{"allow":["GET"]}}],"collection":[{"href":"https:\/\/bellacloths.com\/index.php?rest_route=\/wp\/v2\/product"}],"about":[{"href":"https:\/\/bellacloths.com\/index.php?rest_route=\/wp\/v2\/types\/product"}],"replies":[{"embeddable":true,"href":"https:\/\/bellacloths.com\/index.php?rest_route=%2Fwp%2Fv2%2Fcomments&post=3111"}],"wp:featuredmedia":[{"embeddable":true,"href":"https:\/\/bellacloths.com\/index.php?rest_route=\/wp\/v2\/media\/3112"}],"wp:attachment":[{"href":"https:\/\/bellacloths.com\/index.php?rest_route=%2Fwp%2Fv2%2Fmedia&parent=3111"}],"wp:term":[{"taxonomy":"product_cat","embeddable":true,"href":"https:\/\/bellacloths.com\/index.php?rest_route=%2Fwp%2Fv2%2Fproduct_cat&post=3111"},{"taxonomy":"product_tag","embeddable":true,"href":"https:\/\/bellacloths.com\/index.php?rest_route=%2Fwp%2Fv2%2Fproduct_tag&post=3111"}],"curies":[{"name":"wp","href":"https:\/\/api.w.org\/{rel}","templated":true}]}}