{"id":3128,"date":"2023-03-20T16:59:55","date_gmt":"2023-03-20T16:59:55","guid":{"rendered":"https:\/\/bellacloths.com\/?product=bodystocking-g308-schwarz"},"modified":"2023-03-20T17:00:24","modified_gmt":"2023-03-20T17:00:24","slug":"bodystocking-g308-schwarz","status":"publish","type":"product","link":"https:\/\/bellacloths.com\/?product=bodystocking-g308-schwarz","title":{"rendered":"Bodystocking G308 schwarz"},"content":{"rendered":"<p>Bodystocking &#8220;G308&#8221; schwarz von Obsessive<br \/>Erotischer, auff\u00e4lliger Bodystocking mit hei\u00dfen Tattoo-Details auf Vorder- und R\u00fcckseite sowie bequemer Nackenbindung. Im Schritt offen!<\/p>\n<p>Farbe: schwarz<br \/>Gr\u00f6\u00dfe: S-L one-size<\/p>\n<p>Material: 90% Nylon, 10% Elasthan<\/p>\n","protected":false},"excerpt":{"rendered":"<p>Bodystocking &#8220;G308&#8221; schwarz von ObsessiveErotischer, auff\u00e4lliger Bodystocking mit hei\u00dfen Tattoo-Details auf Vorder- und R\u00fcckseite sowie bequemer Nackenbindung. Im Schritt offen! Farbe: schwarzGr\u00f6\u00dfe: S-L one-size Material: 90% Nylon, 10% Elasthan<\/p>\n","protected":false},"featured_media":3129,"comment_status":"closed","ping_status":"open","template":"","meta":{"site-sidebar-layout":"default","site-content-layout":"default","ast-global-header-display":"","ast-main-header-display":"","ast-hfb-above-header-display":"","ast-hfb-below-header-display":"","ast-hfb-mobile-header-display":"","site-post-title":"","ast-breadcrumbs-content":"","ast-featured-img":"","footer-sml-layout":"","theme-transparent-header-meta":"","adv-header-id-meta":"","stick-header-meta":"","header-above-stick-meta":"","header-main-stick-meta":"","header-below-stick-meta":""},"product_cat":[28],"product_tag":[],"class_list":{"0":"post-3128","1":"product","2":"type-product","3":"status-publish","4":"has-post-thumbnail","6":"product_cat-bodies-catsuits","7":"desktop-align-left","8":"tablet-align-left","9":"mobile-align-left","11":"first","12":"instock","13":"purchasable","14":"product-type-simple"},"_links":{"self":[{"href":"https:\/\/bellacloths.com\/index.php?rest_route=\/wp\/v2\/product\/3128","targetHints":{"allow":["GET"]}}],"collection":[{"href":"https:\/\/bellacloths.com\/index.php?rest_route=\/wp\/v2\/product"}],"about":[{"href":"https:\/\/bellacloths.com\/index.php?rest_route=\/wp\/v2\/types\/product"}],"replies":[{"embeddable":true,"href":"https:\/\/bellacloths.com\/index.php?rest_route=%2Fwp%2Fv2%2Fcomments&post=3128"}],"wp:featuredmedia":[{"embeddable":true,"href":"https:\/\/bellacloths.com\/index.php?rest_route=\/wp\/v2\/media\/3129"}],"wp:attachment":[{"href":"https:\/\/bellacloths.com\/index.php?rest_route=%2Fwp%2Fv2%2Fmedia&parent=3128"}],"wp:term":[{"taxonomy":"product_cat","embeddable":true,"href":"https:\/\/bellacloths.com\/index.php?rest_route=%2Fwp%2Fv2%2Fproduct_cat&post=3128"},{"taxonomy":"product_tag","embeddable":true,"href":"https:\/\/bellacloths.com\/index.php?rest_route=%2Fwp%2Fv2%2Fproduct_tag&post=3128"}],"curies":[{"name":"wp","href":"https:\/\/api.w.org\/{rel}","templated":true}]}}