{"id":3142,"date":"2023-03-20T17:00:24","date_gmt":"2023-03-20T17:00:24","guid":{"rendered":"https:\/\/bellacloths.com\/?product=babydoll-cr3794-schwarz"},"modified":"2023-03-20T17:01:10","modified_gmt":"2023-03-20T17:01:10","slug":"babydoll-cr3794-schwarz","status":"publish","type":"product","link":"https:\/\/bellacloths.com\/?product=babydoll-cr3794-schwarz","title":{"rendered":"Babydoll CR3794 schwarz"},"content":{"rendered":"<p>Chilirose CR3794 Babydoll schwarz<br \/>Verf\u00fchrerisches Babydoll aus zwei Materialien: Schwarzes, leicht transparentes Mesh und schwarzer Stoff mit hellen Nadelstreifen. Die B\u00fcgel-Cups und der untere Saum sind mit feiner Spitze besetzt. Mit abnehmbaren, verstellbaren Strumpfhaltern und verstellbaren Tr\u00e4gern. Mit Hakenverschluss auf der R\u00fcckseite. String inklusive.<\/p>\n<p>Farbe: schwarz<br \/>Gr\u00f6\u00dfen: S\/M oder L\/XL<\/p>\n<p>Material: 90% Polyester, 10% Elasthan<\/p>\n","protected":false},"excerpt":{"rendered":"<p>Chilirose CR3794 Babydoll schwarzVerf\u00fchrerisches Babydoll aus zwei Materialien: Schwarzes, leicht transparentes Mesh und schwarzer Stoff mit hellen Nadelstreifen. Die B\u00fcgel-Cups und der untere Saum sind mit feiner Spitze besetzt. Mit abnehmbaren, verstellbaren Strumpfhaltern und verstellbaren Tr\u00e4gern. Mit Hakenverschluss auf der R\u00fcckseite. String inklusive. Farbe: schwarzGr\u00f6\u00dfen: S\/M oder L\/XL Material: 90% Polyester, 10% Elasthan<\/p>\n","protected":false},"featured_media":3143,"comment_status":"closed","ping_status":"open","template":"","meta":{"site-sidebar-layout":"default","site-content-layout":"default","ast-global-header-display":"","ast-main-header-display":"","ast-hfb-above-header-display":"","ast-hfb-below-header-display":"","ast-hfb-mobile-header-display":"","site-post-title":"","ast-breadcrumbs-content":"","ast-featured-img":"","footer-sml-layout":"","theme-transparent-header-meta":"","adv-header-id-meta":"","stick-header-meta":"","header-above-stick-meta":"","header-main-stick-meta":"","header-below-stick-meta":""},"product_cat":[41],"product_tag":[],"class_list":{"0":"post-3142","1":"product","2":"type-product","3":"status-publish","4":"has-post-thumbnail","6":"product_cat-babydolls-negligees","7":"pa_size-l-xl","8":"pa_size-s-m","9":"desktop-align-left","10":"tablet-align-left","11":"mobile-align-left","13":"first","14":"instock","15":"purchasable","16":"product-type-variable"},"_links":{"self":[{"href":"https:\/\/bellacloths.com\/index.php?rest_route=\/wp\/v2\/product\/3142","targetHints":{"allow":["GET"]}}],"collection":[{"href":"https:\/\/bellacloths.com\/index.php?rest_route=\/wp\/v2\/product"}],"about":[{"href":"https:\/\/bellacloths.com\/index.php?rest_route=\/wp\/v2\/types\/product"}],"replies":[{"embeddable":true,"href":"https:\/\/bellacloths.com\/index.php?rest_route=%2Fwp%2Fv2%2Fcomments&post=3142"}],"wp:featuredmedia":[{"embeddable":true,"href":"https:\/\/bellacloths.com\/index.php?rest_route=\/wp\/v2\/media\/3143"}],"wp:attachment":[{"href":"https:\/\/bellacloths.com\/index.php?rest_route=%2Fwp%2Fv2%2Fmedia&parent=3142"}],"wp:term":[{"taxonomy":"product_cat","embeddable":true,"href":"https:\/\/bellacloths.com\/index.php?rest_route=%2Fwp%2Fv2%2Fproduct_cat&post=3142"},{"taxonomy":"product_tag","embeddable":true,"href":"https:\/\/bellacloths.com\/index.php?rest_route=%2Fwp%2Fv2%2Fproduct_tag&post=3142"}],"curies":[{"name":"wp","href":"https:\/\/api.w.org\/{rel}","templated":true}]}}