{"id":3158,"date":"2023-03-20T17:00:45","date_gmt":"2023-03-20T17:00:45","guid":{"rendered":"https:\/\/bellacloths.com\/?product=body-dr8694-rot"},"modified":"2023-03-20T17:00:57","modified_gmt":"2023-03-20T17:00:57","slug":"body-dr8694-rot","status":"publish","type":"product","link":"https:\/\/bellacloths.com\/?product=body-dr8694-rot","title":{"rendered":"Body DR8694 rot"},"content":{"rendered":"<p>Body &#8211; Diamond Style  8694 rot<br \/>R\u00fcckenfreier Stretch-Body mit edler Spitze und fantastischem Herzausschnitt am Po.<\/p>\n<p>Farbe: rot<br \/>Gr\u00f6\u00dfe: One-size<\/p>\n<p>Material: 92% Polyamid, 8% Elasthan<\/p>\n","protected":false},"excerpt":{"rendered":"<p>Body &#8211; Diamond Style 8694 rotR\u00fcckenfreier Stretch-Body mit edler Spitze und fantastischem Herzausschnitt am Po. Farbe: rotGr\u00f6\u00dfe: One-size Material: 92% Polyamid, 8% Elasthan<\/p>\n","protected":false},"featured_media":3159,"comment_status":"closed","ping_status":"open","template":"","meta":{"site-sidebar-layout":"default","site-content-layout":"default","ast-global-header-display":"","ast-main-header-display":"","ast-hfb-above-header-display":"","ast-hfb-below-header-display":"","ast-hfb-mobile-header-display":"","site-post-title":"","ast-breadcrumbs-content":"","ast-featured-img":"","footer-sml-layout":"","theme-transparent-header-meta":"","adv-header-id-meta":"","stick-header-meta":"","header-above-stick-meta":"","header-main-stick-meta":"","header-below-stick-meta":""},"product_cat":[28],"product_tag":[],"class_list":{"0":"post-3158","1":"product","2":"type-product","3":"status-publish","4":"has-post-thumbnail","6":"product_cat-bodies-catsuits","7":"desktop-align-left","8":"tablet-align-left","9":"mobile-align-left","11":"first","12":"instock","13":"purchasable","14":"product-type-simple"},"_links":{"self":[{"href":"https:\/\/bellacloths.com\/index.php?rest_route=\/wp\/v2\/product\/3158","targetHints":{"allow":["GET"]}}],"collection":[{"href":"https:\/\/bellacloths.com\/index.php?rest_route=\/wp\/v2\/product"}],"about":[{"href":"https:\/\/bellacloths.com\/index.php?rest_route=\/wp\/v2\/types\/product"}],"replies":[{"embeddable":true,"href":"https:\/\/bellacloths.com\/index.php?rest_route=%2Fwp%2Fv2%2Fcomments&post=3158"}],"wp:featuredmedia":[{"embeddable":true,"href":"https:\/\/bellacloths.com\/index.php?rest_route=\/wp\/v2\/media\/3159"}],"wp:attachment":[{"href":"https:\/\/bellacloths.com\/index.php?rest_route=%2Fwp%2Fv2%2Fmedia&parent=3158"}],"wp:term":[{"taxonomy":"product_cat","embeddable":true,"href":"https:\/\/bellacloths.com\/index.php?rest_route=%2Fwp%2Fv2%2Fproduct_cat&post=3158"},{"taxonomy":"product_tag","embeddable":true,"href":"https:\/\/bellacloths.com\/index.php?rest_route=%2Fwp%2Fv2%2Fproduct_tag&post=3158"}],"curies":[{"name":"wp","href":"https:\/\/api.w.org\/{rel}","templated":true}]}}