{"id":3165,"date":"2023-03-20T17:00:45","date_gmt":"2023-03-20T17:00:45","guid":{"rendered":"https:\/\/bellacloths.com\/?product=sexy-set-cr3792"},"modified":"2023-03-20T17:01:37","modified_gmt":"2023-03-20T17:01:37","slug":"sexy-set-cr3792","status":"publish","type":"product","link":"https:\/\/bellacloths.com\/?product=sexy-set-cr3792","title":{"rendered":"Sexy Set CR3792"},"content":{"rendered":"<p>Chilirose CR3792 Erotik-Set in schwarz<br \/>Sexy Set in schwarz mit wei\u00dfen Nadelstreifen. Aus weichem und elastischem Material. Der BH hat einen Hakenverschluss auf der R\u00fcckseite und verstellbare Tr\u00e4ger. Mit verstellbaren Strumpfhaltern. Das Set beinhaltet: BH, Strumpfhalterg\u00fcrtel, H\u00f6schen, Str\u00fcmpfe, Kragen.<\/p>\n<p>Farben: schwarz\/wei\u00df<br \/>Gr\u00f6\u00dfen: S\/M oder L\/XL<\/p>\n<p>Material: 90% Polyester, 10% Elasthan<\/p>\n","protected":false},"excerpt":{"rendered":"<p>Chilirose CR3792 Erotik-Set in schwarzSexy Set in schwarz mit wei\u00dfen Nadelstreifen. Aus weichem und elastischem Material. Der BH hat einen Hakenverschluss auf der R\u00fcckseite und verstellbare Tr\u00e4ger. Mit verstellbaren Strumpfhaltern. Das Set beinhaltet: BH, Strumpfhalterg\u00fcrtel, H\u00f6schen, Str\u00fcmpfe, Kragen. Farben: schwarz\/wei\u00dfGr\u00f6\u00dfen: S\/M oder L\/XL Material: 90% Polyester, 10% Elasthan<\/p>\n","protected":false},"featured_media":3166,"comment_status":"closed","ping_status":"open","template":"","meta":{"site-sidebar-layout":"default","site-content-layout":"default","ast-global-header-display":"","ast-main-header-display":"","ast-hfb-above-header-display":"","ast-hfb-below-header-display":"","ast-hfb-mobile-header-display":"","site-post-title":"","ast-breadcrumbs-content":"","ast-featured-img":"","footer-sml-layout":"","theme-transparent-header-meta":"","adv-header-id-meta":"","stick-header-meta":"","header-above-stick-meta":"","header-main-stick-meta":"","header-below-stick-meta":""},"product_cat":[35],"product_tag":[],"class_list":{"0":"post-3165","1":"product","2":"type-product","3":"status-publish","4":"has-post-thumbnail","6":"product_cat-slips-strings-bhs-sets","7":"pa_size-l-xl","8":"pa_size-s-m","9":"desktop-align-left","10":"tablet-align-left","11":"mobile-align-left","13":"first","14":"instock","15":"purchasable","16":"product-type-variable"},"_links":{"self":[{"href":"https:\/\/bellacloths.com\/index.php?rest_route=\/wp\/v2\/product\/3165","targetHints":{"allow":["GET"]}}],"collection":[{"href":"https:\/\/bellacloths.com\/index.php?rest_route=\/wp\/v2\/product"}],"about":[{"href":"https:\/\/bellacloths.com\/index.php?rest_route=\/wp\/v2\/types\/product"}],"replies":[{"embeddable":true,"href":"https:\/\/bellacloths.com\/index.php?rest_route=%2Fwp%2Fv2%2Fcomments&post=3165"}],"wp:featuredmedia":[{"embeddable":true,"href":"https:\/\/bellacloths.com\/index.php?rest_route=\/wp\/v2\/media\/3166"}],"wp:attachment":[{"href":"https:\/\/bellacloths.com\/index.php?rest_route=%2Fwp%2Fv2%2Fmedia&parent=3165"}],"wp:term":[{"taxonomy":"product_cat","embeddable":true,"href":"https:\/\/bellacloths.com\/index.php?rest_route=%2Fwp%2Fv2%2Fproduct_cat&post=3165"},{"taxonomy":"product_tag","embeddable":true,"href":"https:\/\/bellacloths.com\/index.php?rest_route=%2Fwp%2Fv2%2Fproduct_tag&post=3165"}],"curies":[{"name":"wp","href":"https:\/\/api.w.org\/{rel}","templated":true}]}}