{"id":3172,"date":"2023-03-20T17:01:12","date_gmt":"2023-03-20T17:01:12","guid":{"rendered":"https:\/\/bellacloths.com\/?product=sexy-nurse-set-cr3724"},"modified":"2023-03-20T17:01:37","modified_gmt":"2023-03-20T17:01:37","slug":"sexy-nurse-set-cr3724","status":"publish","type":"product","link":"https:\/\/bellacloths.com\/?product=sexy-nurse-set-cr3724","title":{"rendered":"Sexy Nurse Set CR3724"},"content":{"rendered":"<p>Sexy Krankenschwester-Set CR3724 von Chilirose<br \/>Erotisches, f\u00fcnfteiliges Krankenschwester-Set aus weichem Material. Mit verstellbaren Strumpfhaltern. Das Oberteil wird am R\u00fccken und im Nacken gebunden. Das Set beinhaltet: Corsage, String ouvert, Str\u00fcmpfe, Stethoskop, Haube.<\/p>\n<p>Farben: wei\u00df\/rot<br \/>Gr\u00f6\u00dfen: S\/M oder L\/XL<\/p>\n<p>Material: 90% Polyester, 10% Elasthan<\/p>\n","protected":false},"excerpt":{"rendered":"<p>Sexy Krankenschwester-Set CR3724 von ChiliroseErotisches, f\u00fcnfteiliges Krankenschwester-Set aus weichem Material. Mit verstellbaren Strumpfhaltern. Das Oberteil wird am R\u00fccken und im Nacken gebunden. Das Set beinhaltet: Corsage, String ouvert, Str\u00fcmpfe, Stethoskop, Haube. Farben: wei\u00df\/rotGr\u00f6\u00dfen: S\/M oder L\/XL Material: 90% Polyester, 10% Elasthan<\/p>\n","protected":false},"featured_media":3173,"comment_status":"closed","ping_status":"open","template":"","meta":{"site-sidebar-layout":"default","site-content-layout":"default","ast-global-header-display":"","ast-main-header-display":"","ast-hfb-above-header-display":"","ast-hfb-below-header-display":"","ast-hfb-mobile-header-display":"","site-post-title":"","ast-breadcrumbs-content":"","ast-featured-img":"","footer-sml-layout":"","theme-transparent-header-meta":"","adv-header-id-meta":"","stick-header-meta":"","header-above-stick-meta":"","header-main-stick-meta":"","header-below-stick-meta":""},"product_cat":[39],"product_tag":[],"class_list":{"0":"post-3172","1":"product","2":"type-product","3":"status-publish","4":"has-post-thumbnail","6":"product_cat-outfits-kostume","7":"pa_size-l-xl","8":"pa_size-s-m","9":"desktop-align-left","10":"tablet-align-left","11":"mobile-align-left","13":"first","14":"instock","15":"purchasable","16":"product-type-variable"},"_links":{"self":[{"href":"https:\/\/bellacloths.com\/index.php?rest_route=\/wp\/v2\/product\/3172","targetHints":{"allow":["GET"]}}],"collection":[{"href":"https:\/\/bellacloths.com\/index.php?rest_route=\/wp\/v2\/product"}],"about":[{"href":"https:\/\/bellacloths.com\/index.php?rest_route=\/wp\/v2\/types\/product"}],"replies":[{"embeddable":true,"href":"https:\/\/bellacloths.com\/index.php?rest_route=%2Fwp%2Fv2%2Fcomments&post=3172"}],"wp:featuredmedia":[{"embeddable":true,"href":"https:\/\/bellacloths.com\/index.php?rest_route=\/wp\/v2\/media\/3173"}],"wp:attachment":[{"href":"https:\/\/bellacloths.com\/index.php?rest_route=%2Fwp%2Fv2%2Fmedia&parent=3172"}],"wp:term":[{"taxonomy":"product_cat","embeddable":true,"href":"https:\/\/bellacloths.com\/index.php?rest_route=%2Fwp%2Fv2%2Fproduct_cat&post=3172"},{"taxonomy":"product_tag","embeddable":true,"href":"https:\/\/bellacloths.com\/index.php?rest_route=%2Fwp%2Fv2%2Fproduct_tag&post=3172"}],"curies":[{"name":"wp","href":"https:\/\/api.w.org\/{rel}","templated":true}]}}