{"id":3179,"date":"2023-03-20T17:01:12","date_gmt":"2023-03-20T17:01:12","guid":{"rendered":"https:\/\/bellacloths.com\/?product=top-shorts-cr3779-weis"},"modified":"2023-03-20T17:01:40","modified_gmt":"2023-03-20T17:01:40","slug":"top-shorts-cr3779-weis","status":"publish","type":"product","link":"https:\/\/bellacloths.com\/?product=top-shorts-cr3779-weis","title":{"rendered":"Top + Shorts CR3779 wei\u00df"},"content":{"rendered":"<p>Wei\u00dfes Top + Shorts CR3779<br \/>Sexy Set aus tr\u00e4gerlosem Top und Shorts. Aus elastischem und weichem Material in wei\u00df mit aufreizenden Schlitzen an Dekolletee, \u00c4rmeln und den Shorts.<\/p>\n<p>Farbe: wei\u00df<br \/>Gr\u00f6\u00dfe: S\/M one-size<\/p>\n<p>Material: 88% Nylon, 12% Elastan<\/p>\n","protected":false},"excerpt":{"rendered":"<p>Wei\u00dfes Top + Shorts CR3779Sexy Set aus tr\u00e4gerlosem Top und Shorts. Aus elastischem und weichem Material in wei\u00df mit aufreizenden Schlitzen an Dekolletee, \u00c4rmeln und den Shorts. Farbe: wei\u00dfGr\u00f6\u00dfe: S\/M one-size Material: 88% Nylon, 12% Elastan<\/p>\n","protected":false},"featured_media":3180,"comment_status":"closed","ping_status":"open","template":"","meta":{"site-sidebar-layout":"default","site-content-layout":"default","ast-global-header-display":"","ast-main-header-display":"","ast-hfb-above-header-display":"","ast-hfb-below-header-display":"","ast-hfb-mobile-header-display":"","site-post-title":"","ast-breadcrumbs-content":"","ast-featured-img":"","footer-sml-layout":"","theme-transparent-header-meta":"","adv-header-id-meta":"","stick-header-meta":"","header-above-stick-meta":"","header-main-stick-meta":"","header-below-stick-meta":""},"product_cat":[40],"product_tag":[],"class_list":{"0":"post-3179","1":"product","2":"type-product","3":"status-publish","4":"has-post-thumbnail","6":"product_cat-kleider-tops","7":"desktop-align-left","8":"tablet-align-left","9":"mobile-align-left","11":"first","12":"instock","13":"purchasable","14":"product-type-simple"},"_links":{"self":[{"href":"https:\/\/bellacloths.com\/index.php?rest_route=\/wp\/v2\/product\/3179","targetHints":{"allow":["GET"]}}],"collection":[{"href":"https:\/\/bellacloths.com\/index.php?rest_route=\/wp\/v2\/product"}],"about":[{"href":"https:\/\/bellacloths.com\/index.php?rest_route=\/wp\/v2\/types\/product"}],"replies":[{"embeddable":true,"href":"https:\/\/bellacloths.com\/index.php?rest_route=%2Fwp%2Fv2%2Fcomments&post=3179"}],"wp:featuredmedia":[{"embeddable":true,"href":"https:\/\/bellacloths.com\/index.php?rest_route=\/wp\/v2\/media\/3180"}],"wp:attachment":[{"href":"https:\/\/bellacloths.com\/index.php?rest_route=%2Fwp%2Fv2%2Fmedia&parent=3179"}],"wp:term":[{"taxonomy":"product_cat","embeddable":true,"href":"https:\/\/bellacloths.com\/index.php?rest_route=%2Fwp%2Fv2%2Fproduct_cat&post=3179"},{"taxonomy":"product_tag","embeddable":true,"href":"https:\/\/bellacloths.com\/index.php?rest_route=%2Fwp%2Fv2%2Fproduct_tag&post=3179"}],"curies":[{"name":"wp","href":"https:\/\/api.w.org\/{rel}","templated":true}]}}