{"id":3189,"date":"2023-03-20T17:01:39","date_gmt":"2023-03-20T17:01:39","guid":{"rendered":"https:\/\/bellacloths.com\/?product=corsage-violett-cr3820"},"modified":"2023-03-20T17:02:22","modified_gmt":"2023-03-20T17:02:22","slug":"corsage-violett-cr3820","status":"publish","type":"product","link":"https:\/\/bellacloths.com\/?product=corsage-violett-cr3820","title":{"rendered":"Corsage violett CR3820"},"content":{"rendered":"<p>Chilirose CR3820 Corsage violett inkl. String<br \/>Violette Corsage aus samtweichem und elastischem Material. Mit Hakenverschluss auf der R\u00fcckseite und Seitenschn\u00fcrungen. Inklusive String.<\/p>\n<p>Gr\u00f6\u00dfen: S\/M oder L\/XL<br \/>Farbe: violett<\/p>\n<p>Material: 90% Polyester, 10% Elasthan<\/p>\n","protected":false},"excerpt":{"rendered":"<p>Chilirose CR3820 Corsage violett inkl. StringViolette Corsage aus samtweichem und elastischem Material. Mit Hakenverschluss auf der R\u00fcckseite und Seitenschn\u00fcrungen. Inklusive String. Gr\u00f6\u00dfen: S\/M oder L\/XLFarbe: violett Material: 90% Polyester, 10% Elasthan<\/p>\n","protected":false},"featured_media":3190,"comment_status":"closed","ping_status":"open","template":"","meta":{"site-sidebar-layout":"default","site-content-layout":"default","ast-global-header-display":"","ast-main-header-display":"","ast-hfb-above-header-display":"","ast-hfb-below-header-display":"","ast-hfb-mobile-header-display":"","site-post-title":"","ast-breadcrumbs-content":"","ast-featured-img":"","footer-sml-layout":"","theme-transparent-header-meta":"","adv-header-id-meta":"","stick-header-meta":"","header-above-stick-meta":"","header-main-stick-meta":"","header-below-stick-meta":""},"product_cat":[56],"product_tag":[],"class_list":{"0":"post-3189","1":"product","2":"type-product","3":"status-publish","4":"has-post-thumbnail","6":"product_cat-corsagen","7":"pa_size-l-xl","8":"pa_size-s-m","9":"desktop-align-left","10":"tablet-align-left","11":"mobile-align-left","13":"first","14":"instock","15":"purchasable","16":"product-type-variable"},"_links":{"self":[{"href":"https:\/\/bellacloths.com\/index.php?rest_route=\/wp\/v2\/product\/3189","targetHints":{"allow":["GET"]}}],"collection":[{"href":"https:\/\/bellacloths.com\/index.php?rest_route=\/wp\/v2\/product"}],"about":[{"href":"https:\/\/bellacloths.com\/index.php?rest_route=\/wp\/v2\/types\/product"}],"replies":[{"embeddable":true,"href":"https:\/\/bellacloths.com\/index.php?rest_route=%2Fwp%2Fv2%2Fcomments&post=3189"}],"wp:featuredmedia":[{"embeddable":true,"href":"https:\/\/bellacloths.com\/index.php?rest_route=\/wp\/v2\/media\/3190"}],"wp:attachment":[{"href":"https:\/\/bellacloths.com\/index.php?rest_route=%2Fwp%2Fv2%2Fmedia&parent=3189"}],"wp:term":[{"taxonomy":"product_cat","embeddable":true,"href":"https:\/\/bellacloths.com\/index.php?rest_route=%2Fwp%2Fv2%2Fproduct_cat&post=3189"},{"taxonomy":"product_tag","embeddable":true,"href":"https:\/\/bellacloths.com\/index.php?rest_route=%2Fwp%2Fv2%2Fproduct_tag&post=3189"}],"curies":[{"name":"wp","href":"https:\/\/api.w.org\/{rel}","templated":true}]}}