{"id":3199,"date":"2023-03-20T17:02:23","date_gmt":"2023-03-20T17:02:23","guid":{"rendered":"https:\/\/bellacloths.com\/?product=slevika-teddy"},"modified":"2023-03-20T17:02:40","modified_gmt":"2023-03-20T17:02:40","slug":"slevika-teddy","status":"publish","type":"product","link":"https:\/\/bellacloths.com\/?product=slevika-teddy","title":{"rendered":"Slevika Teddy"},"content":{"rendered":"<p>Body &#8220;Slevika&#8221; schwarz von Obsessive<br \/>Spitzen-Body in tiefschwarz mit Blumenmotiv und Softcups. Verstellbare Tr\u00e4ger sorgen f\u00fcr eine perfekte Passform. Vertikale N\u00e4hte lassen die Taille schlanker aussehen. Vorne mit Satinschn\u00fcrung. Mit offenem Schritt! Aus elastischem und weichem Material.<\/p>\n<p>Farbe: schwarz<br \/>Gr\u00f6\u00dfen: S\/M, L\/XL oder XXL<\/p>\n<p>Material: 82% Polyamid, 18% Elasthan<\/p>\n","protected":false},"excerpt":{"rendered":"<p>Body &#8220;Slevika&#8221; schwarz von ObsessiveSpitzen-Body in tiefschwarz mit Blumenmotiv und Softcups. Verstellbare Tr\u00e4ger sorgen f\u00fcr eine perfekte Passform. Vertikale N\u00e4hte lassen die Taille schlanker aussehen. Vorne mit Satinschn\u00fcrung. Mit offenem Schritt! Aus elastischem und weichem Material. Farbe: schwarzGr\u00f6\u00dfen: S\/M, L\/XL oder XXL Material: 82% Polyamid, 18% Elasthan<\/p>\n","protected":false},"featured_media":3200,"comment_status":"closed","ping_status":"open","template":"","meta":{"site-sidebar-layout":"default","site-content-layout":"default","ast-global-header-display":"","ast-main-header-display":"","ast-hfb-above-header-display":"","ast-hfb-below-header-display":"","ast-hfb-mobile-header-display":"","site-post-title":"","ast-breadcrumbs-content":"","ast-featured-img":"","footer-sml-layout":"","theme-transparent-header-meta":"","adv-header-id-meta":"","stick-header-meta":"","header-above-stick-meta":"","header-main-stick-meta":"","header-below-stick-meta":""},"product_cat":[28],"product_tag":[],"class_list":{"0":"post-3199","1":"product","2":"type-product","3":"status-publish","4":"has-post-thumbnail","6":"product_cat-bodies-catsuits","7":"pa_size-l-xl","8":"pa_size-s-m","9":"pa_size-xxl","10":"desktop-align-left","11":"tablet-align-left","12":"mobile-align-left","14":"first","15":"instock","16":"purchasable","17":"product-type-variable"},"_links":{"self":[{"href":"https:\/\/bellacloths.com\/index.php?rest_route=\/wp\/v2\/product\/3199","targetHints":{"allow":["GET"]}}],"collection":[{"href":"https:\/\/bellacloths.com\/index.php?rest_route=\/wp\/v2\/product"}],"about":[{"href":"https:\/\/bellacloths.com\/index.php?rest_route=\/wp\/v2\/types\/product"}],"replies":[{"embeddable":true,"href":"https:\/\/bellacloths.com\/index.php?rest_route=%2Fwp%2Fv2%2Fcomments&post=3199"}],"wp:featuredmedia":[{"embeddable":true,"href":"https:\/\/bellacloths.com\/index.php?rest_route=\/wp\/v2\/media\/3200"}],"wp:attachment":[{"href":"https:\/\/bellacloths.com\/index.php?rest_route=%2Fwp%2Fv2%2Fmedia&parent=3199"}],"wp:term":[{"taxonomy":"product_cat","embeddable":true,"href":"https:\/\/bellacloths.com\/index.php?rest_route=%2Fwp%2Fv2%2Fproduct_cat&post=3199"},{"taxonomy":"product_tag","embeddable":true,"href":"https:\/\/bellacloths.com\/index.php?rest_route=%2Fwp%2Fv2%2Fproduct_tag&post=3199"}],"curies":[{"name":"wp","href":"https:\/\/api.w.org\/{rel}","templated":true}]}}