{"id":3219,"date":"2023-03-20T17:02:42","date_gmt":"2023-03-20T17:02:42","guid":{"rendered":"https:\/\/bellacloths.com\/?product=babydoll-cr3785-schwarz-rot"},"modified":"2023-03-20T17:03:10","modified_gmt":"2023-03-20T17:03:10","slug":"babydoll-cr3785-schwarz-rot","status":"publish","type":"product","link":"https:\/\/bellacloths.com\/?product=babydoll-cr3785-schwarz-rot","title":{"rendered":"Babydoll CR3785 schwarz\/rot"},"content":{"rendered":"<p>Chilirose CR3785 Babydoll + String schwarz\/rot<br \/>Sehr verf\u00fchrerisches Babydoll aus schwarzem T\u00fcllmaterial mit roter Spitze, offenen B\u00fcgel-Cups und gl\u00e4nzendem Metallherzschmuckelement. Die verstellbaren Tr\u00e4ger sorgen f\u00fcr eine individuelle Passform. Mit passendem Spitzen-String.<\/p>\n<p>Farben: schwarz\/rot<br \/>Gr\u00f6\u00dfen: S, M, L, XL<\/p>\n<p>Material: 90% Polyester, 10% Elasthan<\/p>\n","protected":false},"excerpt":{"rendered":"<p>Chilirose CR3785 Babydoll + String schwarz\/rotSehr verf\u00fchrerisches Babydoll aus schwarzem T\u00fcllmaterial mit roter Spitze, offenen B\u00fcgel-Cups und gl\u00e4nzendem Metallherzschmuckelement. Die verstellbaren Tr\u00e4ger sorgen f\u00fcr eine individuelle Passform. Mit passendem Spitzen-String. Farben: schwarz\/rotGr\u00f6\u00dfen: S, M, L, XL Material: 90% Polyester, 10% Elasthan<\/p>\n","protected":false},"featured_media":3220,"comment_status":"closed","ping_status":"open","template":"","meta":{"site-sidebar-layout":"default","site-content-layout":"default","ast-global-header-display":"","ast-main-header-display":"","ast-hfb-above-header-display":"","ast-hfb-below-header-display":"","ast-hfb-mobile-header-display":"","site-post-title":"","ast-breadcrumbs-content":"","ast-featured-img":"","footer-sml-layout":"","theme-transparent-header-meta":"","adv-header-id-meta":"","stick-header-meta":"","header-above-stick-meta":"","header-main-stick-meta":"","header-below-stick-meta":""},"product_cat":[41],"product_tag":[],"class_list":{"0":"post-3219","1":"product","2":"type-product","3":"status-publish","4":"has-post-thumbnail","6":"product_cat-babydolls-negligees","7":"pa_size-xl","8":"pa_size-l","9":"pa_size-m","10":"pa_size-s","11":"desktop-align-left","12":"tablet-align-left","13":"mobile-align-left","15":"first","16":"instock","17":"purchasable","18":"product-type-variable"},"_links":{"self":[{"href":"https:\/\/bellacloths.com\/index.php?rest_route=\/wp\/v2\/product\/3219","targetHints":{"allow":["GET"]}}],"collection":[{"href":"https:\/\/bellacloths.com\/index.php?rest_route=\/wp\/v2\/product"}],"about":[{"href":"https:\/\/bellacloths.com\/index.php?rest_route=\/wp\/v2\/types\/product"}],"replies":[{"embeddable":true,"href":"https:\/\/bellacloths.com\/index.php?rest_route=%2Fwp%2Fv2%2Fcomments&post=3219"}],"wp:featuredmedia":[{"embeddable":true,"href":"https:\/\/bellacloths.com\/index.php?rest_route=\/wp\/v2\/media\/3220"}],"wp:attachment":[{"href":"https:\/\/bellacloths.com\/index.php?rest_route=%2Fwp%2Fv2%2Fmedia&parent=3219"}],"wp:term":[{"taxonomy":"product_cat","embeddable":true,"href":"https:\/\/bellacloths.com\/index.php?rest_route=%2Fwp%2Fv2%2Fproduct_cat&post=3219"},{"taxonomy":"product_tag","embeddable":true,"href":"https:\/\/bellacloths.com\/index.php?rest_route=%2Fwp%2Fv2%2Fproduct_tag&post=3219"}],"curies":[{"name":"wp","href":"https:\/\/api.w.org\/{rel}","templated":true}]}}