{"id":3240,"date":"2023-03-20T17:03:11","date_gmt":"2023-03-20T17:03:11","guid":{"rendered":"https:\/\/bellacloths.com\/?product=panties-cr3853-weis"},"modified":"2023-03-20T17:03:23","modified_gmt":"2023-03-20T17:03:23","slug":"panties-cr3853-weis","status":"publish","type":"product","link":"https:\/\/bellacloths.com\/?product=panties-cr3853-weis","title":{"rendered":"Panties CR3853 wei\u00df"},"content":{"rendered":"<p>Panties CR3853 wei\u00df von Chilirose<br \/>Feminine Panties aus exklusiver Spitze mit sch\u00f6nem Blumenmotiv. In exklusiver Geschenkverpackung.<\/p>\n<p>Farbe: wei\u00df<br \/>Gr\u00f6\u00dfe: S\/M one-size<\/p>\n<p>Material: 90% Polyester, 10% Elasthan<\/p>\n","protected":false},"excerpt":{"rendered":"<p>Panties CR3853 wei\u00df von ChiliroseFeminine Panties aus exklusiver Spitze mit sch\u00f6nem Blumenmotiv. In exklusiver Geschenkverpackung. Farbe: wei\u00dfGr\u00f6\u00dfe: S\/M one-size Material: 90% Polyester, 10% Elasthan<\/p>\n","protected":false},"featured_media":3241,"comment_status":"closed","ping_status":"open","template":"","meta":{"site-sidebar-layout":"default","site-content-layout":"default","ast-global-header-display":"","ast-main-header-display":"","ast-hfb-above-header-display":"","ast-hfb-below-header-display":"","ast-hfb-mobile-header-display":"","site-post-title":"","ast-breadcrumbs-content":"","ast-featured-img":"","footer-sml-layout":"","theme-transparent-header-meta":"","adv-header-id-meta":"","stick-header-meta":"","header-above-stick-meta":"","header-main-stick-meta":"","header-below-stick-meta":""},"product_cat":[35],"product_tag":[],"class_list":{"0":"post-3240","1":"product","2":"type-product","3":"status-publish","4":"has-post-thumbnail","6":"product_cat-slips-strings-bhs-sets","7":"desktop-align-left","8":"tablet-align-left","9":"mobile-align-left","11":"first","12":"instock","13":"purchasable","14":"product-type-simple"},"_links":{"self":[{"href":"https:\/\/bellacloths.com\/index.php?rest_route=\/wp\/v2\/product\/3240","targetHints":{"allow":["GET"]}}],"collection":[{"href":"https:\/\/bellacloths.com\/index.php?rest_route=\/wp\/v2\/product"}],"about":[{"href":"https:\/\/bellacloths.com\/index.php?rest_route=\/wp\/v2\/types\/product"}],"replies":[{"embeddable":true,"href":"https:\/\/bellacloths.com\/index.php?rest_route=%2Fwp%2Fv2%2Fcomments&post=3240"}],"wp:featuredmedia":[{"embeddable":true,"href":"https:\/\/bellacloths.com\/index.php?rest_route=\/wp\/v2\/media\/3241"}],"wp:attachment":[{"href":"https:\/\/bellacloths.com\/index.php?rest_route=%2Fwp%2Fv2%2Fmedia&parent=3240"}],"wp:term":[{"taxonomy":"product_cat","embeddable":true,"href":"https:\/\/bellacloths.com\/index.php?rest_route=%2Fwp%2Fv2%2Fproduct_cat&post=3240"},{"taxonomy":"product_tag","embeddable":true,"href":"https:\/\/bellacloths.com\/index.php?rest_route=%2Fwp%2Fv2%2Fproduct_tag&post=3240"}],"curies":[{"name":"wp","href":"https:\/\/api.w.org\/{rel}","templated":true}]}}